{"id":987459050,"date":"2021-02-03T10:14:17","date_gmt":"2021-02-03T10:14:17","guid":{"rendered":"https:\/\/www.pocionsdellunanova.com\/?post_type=product&#038;p=987459050"},"modified":"2021-02-05T08:04:35","modified_gmt":"2021-02-05T08:04:35","slug":"coeurs-de-niu-del-descans","status":"publish","type":"product","link":"https:\/\/www.pocionsdellunanova.com\/fr\/producte\/coeurs-de-niu-del-descans\/","title":{"rendered":"Coeurs de Niu del descans"},"content":{"rendered":"<p>Pour un bain relaxant et une peau soign\u00e9e, deux coeurs et p\u00e9tales de roses<\/p>\n","protected":false},"excerpt":{"rendered":"<p>Deux coeurs dans des p\u00e9tales de rose s\u00e9ch\u00e9es pour prendre un bain relaxant, aromatique et soigner votre peau..<\/p>\n<p>Avec des extraits de plantes traditionnellement utilis\u00e9es pour la relaxation et le soin.<\/p>\n<p>&nbsp;<\/p>\n","protected":false},"featured_media":987459061,"template":"","meta":[],"_links":{"self":[{"href":"https:\/\/www.pocionsdellunanova.com\/fr\/wp-json\/wp\/v2\/product\/987459050"}],"collection":[{"href":"https:\/\/www.pocionsdellunanova.com\/fr\/wp-json\/wp\/v2\/product"}],"about":[{"href":"https:\/\/www.pocionsdellunanova.com\/fr\/wp-json\/wp\/v2\/types\/product"}],"wp:featuredmedia":[{"embeddable":true,"href":"https:\/\/www.pocionsdellunanova.com\/fr\/wp-json\/wp\/v2\/media\/987459061"}],"wp:attachment":[{"href":"https:\/\/www.pocionsdellunanova.com\/fr\/wp-json\/wp\/v2\/media?parent=987459050"}],"curies":[{"name":"wp","href":"https:\/\/api.w.org\/{rel}","templated":true}]}}