{"id":987458904,"date":"2020-04-19T10:11:51","date_gmt":"2020-04-19T09:11:51","guid":{"rendered":"https:\/\/www.pocionsdellunanova.com\/?post_type=product&#038;p=987458904"},"modified":"2026-04-08T10:23:23","modified_gmt":"2026-04-08T09:23:23","slug":"savon-pour-la-douche-a-la-melisse","status":"publish","type":"product","link":"https:\/\/www.pocionsdellunanova.com\/fr\/producte\/savon-pour-la-douche-a-la-melisse\/","title":{"rendered":"Savon pour la douche \u00e0 la m\u00e9lisse"},"content":{"rendered":"<p>Savon pour la douche \u00e0 la m\u00e9lisse<\/p>\n","protected":false},"excerpt":{"rendered":"<p>Savon pour la douche avec une cordellette pour le suspendre, il restera toujours au sec pour durer plus longtemps et garder votre bain propre.<\/p>\n<p>Aux huiles essentielles naturelles, surgraiss\u00e9 \u00e0 8% il laisse votre peau douce et propre gr\u00e2ce aux huiles v\u00e9g\u00e9tales vierges qu&rsquo;il contient.<\/p>\n<p>Pas de r\u00e9sidus, envelopp\u00e9 dans du papier cir\u00e9.<\/p>\n<p>85 g minimum<\/p>\n","protected":false},"featured_media":987458773,"template":"","meta":[],"_links":{"self":[{"href":"https:\/\/www.pocionsdellunanova.com\/fr\/wp-json\/wp\/v2\/product\/987458904"}],"collection":[{"href":"https:\/\/www.pocionsdellunanova.com\/fr\/wp-json\/wp\/v2\/product"}],"about":[{"href":"https:\/\/www.pocionsdellunanova.com\/fr\/wp-json\/wp\/v2\/types\/product"}],"wp:featuredmedia":[{"embeddable":true,"href":"https:\/\/www.pocionsdellunanova.com\/fr\/wp-json\/wp\/v2\/media\/987458773"}],"wp:attachment":[{"href":"https:\/\/www.pocionsdellunanova.com\/fr\/wp-json\/wp\/v2\/media?parent=987458904"}],"curies":[{"name":"wp","href":"https:\/\/api.w.org\/{rel}","templated":true}]}}