{"id":987458888,"date":"2020-04-19T08:29:51","date_gmt":"2020-04-19T07:29:51","guid":{"rendered":"https:\/\/www.pocionsdellunanova.com\/?post_type=product&#038;p=987458888"},"modified":"2020-04-20T07:53:23","modified_gmt":"2020-04-20T07:53:23","slug":"boitier-alu-150-ml-vide","status":"publish","type":"product","link":"https:\/\/www.pocionsdellunanova.com\/fr\/producte\/boitier-alu-150-ml-vide\/","title":{"rendered":"Bo\u00eetier alu 150 mL vide"},"content":{"rendered":"<p>bo\u00eetier alu vide 150 mL<\/p>\n","protected":false},"excerpt":{"rendered":"<p>Bo\u00eetier 150 mL pour le transport des cosm\u00e9tiques solides, surtout adapt\u00e9 au savon pour la douche<\/p>\n","protected":false},"featured_media":987458785,"template":"","meta":[],"_links":{"self":[{"href":"https:\/\/www.pocionsdellunanova.com\/fr\/wp-json\/wp\/v2\/product\/987458888"}],"collection":[{"href":"https:\/\/www.pocionsdellunanova.com\/fr\/wp-json\/wp\/v2\/product"}],"about":[{"href":"https:\/\/www.pocionsdellunanova.com\/fr\/wp-json\/wp\/v2\/types\/product"}],"wp:featuredmedia":[{"embeddable":true,"href":"https:\/\/www.pocionsdellunanova.com\/fr\/wp-json\/wp\/v2\/media\/987458785"}],"wp:attachment":[{"href":"https:\/\/www.pocionsdellunanova.com\/fr\/wp-json\/wp\/v2\/media?parent=987458888"}],"curies":[{"name":"wp","href":"https:\/\/api.w.org\/{rel}","templated":true}]}}