{"id":987458750,"date":"2020-02-27T11:23:47","date_gmt":"2020-02-27T11:23:47","guid":{"rendered":"https:\/\/www.pocionsdellunanova.com\/?post_type=product&#038;p=987458750"},"modified":"2020-04-19T08:56:51","modified_gmt":"2020-04-19T08:56:51","slug":"creme-solide-dans-un-boitier-alu","status":"publish","type":"product","link":"https:\/\/www.pocionsdellunanova.com\/fr\/producte\/creme-solide-dans-un-boitier-alu\/","title":{"rendered":"Bo\u00eetier alu 100 mL"},"content":{"rendered":"<p>Bo\u00eetier alu<\/p>\n","protected":false},"excerpt":{"rendered":"<p>Conseil: laisser s\u00e9cher votre produit avant de fermer le conteneur.<\/p>\n<p>Evitez de tenir le conteneur ferm\u00e9 pendant trop longtemps, certains cosm\u00e9tiques solides en absence de conservateur peuvent g\u00e9nerer des moisissures avec l&rsquo;humidit\u00e9 sans a\u00e9ration.<\/p>\n","protected":false},"featured_media":987458785,"template":"","meta":[],"_links":{"self":[{"href":"https:\/\/www.pocionsdellunanova.com\/fr\/wp-json\/wp\/v2\/product\/987458750"}],"collection":[{"href":"https:\/\/www.pocionsdellunanova.com\/fr\/wp-json\/wp\/v2\/product"}],"about":[{"href":"https:\/\/www.pocionsdellunanova.com\/fr\/wp-json\/wp\/v2\/types\/product"}],"wp:featuredmedia":[{"embeddable":true,"href":"https:\/\/www.pocionsdellunanova.com\/fr\/wp-json\/wp\/v2\/media\/987458785"}],"wp:attachment":[{"href":"https:\/\/www.pocionsdellunanova.com\/fr\/wp-json\/wp\/v2\/media?parent=987458750"}],"curies":[{"name":"wp","href":"https:\/\/api.w.org\/{rel}","templated":true}]}}