{"id":987458670,"date":"2020-02-17T13:06:27","date_gmt":"2020-02-17T12:06:27","guid":{"rendered":"https:\/\/www.pocionsdellunanova.com\/?post_type=product&#038;p=987458670"},"modified":"2024-06-05T10:05:00","modified_gmt":"2024-06-05T09:05:00","slug":"creme-solide-polivalente","status":"publish","type":"product","link":"https:\/\/www.pocionsdellunanova.com\/fr\/producte\/creme-solide-polivalente\/","title":{"rendered":"Cr\u00e8me solide polivalente"},"content":{"rendered":"<p>Cr\u00e8me solide polivalente 100% naturelle.<\/p>\n<p>Sans emballage, ecologique<\/p>\n<p>&nbsp;<\/p>\n","protected":false},"excerpt":{"rendered":"<p>Bloc de cr\u00e8me solide polivalente emball\u00e9e en papier cir\u00e9.<\/p>\n<p>Cosm\u00e9tique 100% verte<\/p>\n<p><span style=\"color: #ff0000\">SANS EMBALLAGE&#8230;&#8230;..PLUS ECOLOGIQUE<\/span><\/p>\n<p><span style=\"color: #ff0000\">DURE LONGTEMPS&#8230;&#8230;.PLUS ECONOMIQUE<\/span><\/p>\n<p><span style=\"color: #ff0000\">SANS EAU&#8230;&#8230;&#8230;&#8230;&#8230;&#8230;&#8230;SANS CONSERVATEUR<\/span><\/p>\n<p>&nbsp;<\/p>\n<p>&nbsp;<\/p>\n","protected":false},"featured_media":987458729,"template":"","meta":[],"_links":{"self":[{"href":"https:\/\/www.pocionsdellunanova.com\/fr\/wp-json\/wp\/v2\/product\/987458670"}],"collection":[{"href":"https:\/\/www.pocionsdellunanova.com\/fr\/wp-json\/wp\/v2\/product"}],"about":[{"href":"https:\/\/www.pocionsdellunanova.com\/fr\/wp-json\/wp\/v2\/types\/product"}],"wp:featuredmedia":[{"embeddable":true,"href":"https:\/\/www.pocionsdellunanova.com\/fr\/wp-json\/wp\/v2\/media\/987458729"}],"wp:attachment":[{"href":"https:\/\/www.pocionsdellunanova.com\/fr\/wp-json\/wp\/v2\/media?parent=987458670"}],"curies":[{"name":"wp","href":"https:\/\/api.w.org\/{rel}","templated":true}]}}