{"id":987458499,"date":"2020-02-12T09:30:17","date_gmt":"2020-02-12T09:30:17","guid":{"rendered":"https:\/\/www.pocionsdellunanova.com\/producte\/acondicionador-solid-pel-cabell\/"},"modified":"2020-02-28T10:34:37","modified_gmt":"2020-02-28T10:34:37","slug":"acondicionador-solid-pel-cabell","status":"publish","type":"product","link":"https:\/\/www.pocionsdellunanova.com\/fr\/producte\/acondicionador-solid-pel-cabell\/","title":{"rendered":"Apr\u00e8s-shampoing solide"},"content":{"rendered":"<p>Apr\u00e8s-shampoing solide, convient \u00e0 la plupart de cheveux.<\/p>\n<p>Il donne de la brillance, hydrate les cheveux.<\/p>\n<p>Contient\u00a0 des ingr\u00e9dients naturels et biologiques.<\/p>\n","protected":false},"excerpt":{"rendered":"<p>Apr\u00e8s-shampoing solide\u00a0 avec des ingr\u00e9dients naturels et biologiques.<\/p>\n<p>Favorise la coiffure,<\/p>\n<p>Cheveux plus doux, hidrat\u00e9s et brillants.<\/p>\n<p><span style=\"color: #ff0000;\">DURE LONGTEMPS&#8230;&#8230;.PLUS ECONOMIQUE<\/span><\/p>\n<p><span style=\"color: #ff0000;\">SANS PLASTIQUE&#8230;&#8230;&#8230;.PLUS VERT<\/span><\/p>\n<p><span style=\"color: #ff0000;\">SANS EAU&#8230;&#8230;&#8230;&#8230;&#8230;&#8230;..MOINS DE CONSERVATEUR<\/span><\/p>\n","protected":false},"featured_media":987458492,"template":"","meta":[],"_links":{"self":[{"href":"https:\/\/www.pocionsdellunanova.com\/fr\/wp-json\/wp\/v2\/product\/987458499"}],"collection":[{"href":"https:\/\/www.pocionsdellunanova.com\/fr\/wp-json\/wp\/v2\/product"}],"about":[{"href":"https:\/\/www.pocionsdellunanova.com\/fr\/wp-json\/wp\/v2\/types\/product"}],"wp:featuredmedia":[{"embeddable":true,"href":"https:\/\/www.pocionsdellunanova.com\/fr\/wp-json\/wp\/v2\/media\/987458492"}],"wp:attachment":[{"href":"https:\/\/www.pocionsdellunanova.com\/fr\/wp-json\/wp\/v2\/media?parent=987458499"}],"curies":[{"name":"wp","href":"https:\/\/api.w.org\/{rel}","templated":true}]}}