{"id":987457868,"date":"2018-11-26T08:35:25","date_gmt":"2018-11-26T08:35:25","guid":{"rendered":"http:\/\/www.pocionsdellunanova.com\/?post_type=product&#038;p=987457868"},"modified":"2021-02-01T11:28:27","modified_gmt":"2021-02-01T11:28:27","slug":"lot-decouverte-copia","status":"publish","type":"product","link":"https:\/\/www.pocionsdellunanova.com\/fr\/producte\/lot-decouverte-copia\/","title":{"rendered":"Petit lot de r\u00e8ve"},"content":{"rendered":"<p>Offrez un lot de produits naturels, \u00e9cologiques dans un beau panier fait main r\u00e9utilisable<\/p>\n","protected":false},"excerpt":{"rendered":"<p>D\u00e9couvrez les produits <strong>Pocions de lluna Nova<\/strong><br \/>\nFaites un cadeau de produits de haute qualit\u00e9 avec des ingr\u00e9dients naturels, \u00e9cologiques, de haute montagne, de fabrication artisanale<\/p>\n<p>Lot form\u00e9 par:<\/p>\n<ul>\n<li>Baume pour les l\u00e8vres <a href=\"http:\/\/www.pocionsdellunanova.com\/fr\/potion\/flor-dhivern\/\">Flor d&rsquo;hivern <\/a><\/li>\n<li>Parfum solide\u00a0<a href=\"https:\/\/www.pocionsdellunanova.com\/fr\/producte\/somnis\/\">Somnis<\/a><\/li>\n<li>en cadeau, <strong>un conteneur\u00a0<\/strong><b>multi usages<\/b> fait\u00a0 main (la couleur peut changer)<\/li>\n<\/ul>\n","protected":false},"featured_media":987458606,"template":"","meta":[],"_links":{"self":[{"href":"https:\/\/www.pocionsdellunanova.com\/fr\/wp-json\/wp\/v2\/product\/987457868"}],"collection":[{"href":"https:\/\/www.pocionsdellunanova.com\/fr\/wp-json\/wp\/v2\/product"}],"about":[{"href":"https:\/\/www.pocionsdellunanova.com\/fr\/wp-json\/wp\/v2\/types\/product"}],"wp:featuredmedia":[{"embeddable":true,"href":"https:\/\/www.pocionsdellunanova.com\/fr\/wp-json\/wp\/v2\/media\/987458606"}],"wp:attachment":[{"href":"https:\/\/www.pocionsdellunanova.com\/fr\/wp-json\/wp\/v2\/media?parent=987457868"}],"curies":[{"name":"wp","href":"https:\/\/api.w.org\/{rel}","templated":true}]}}