{"id":987457768,"date":"2018-09-16T09:57:40","date_gmt":"2018-09-16T09:57:40","guid":{"rendered":"http:\/\/www.pocionsdellunanova.com\/pocio\/xampu-solid\/"},"modified":"2020-02-19T11:04:03","modified_gmt":"2020-02-19T11:04:03","slug":"shampoing-solide","status":"publish","type":"product","link":"https:\/\/www.pocionsdellunanova.com\/fr\/producte\/shampoing-solide\/","title":{"rendered":"Shampoing Solide"},"content":{"rendered":"<p>Pastille de shampoing solide tr\u00e8s doux adapt\u00e9 a la plupart de cheveux<\/p>\n","protected":false},"excerpt":{"rendered":"<p>Pastille de shampoing solide tr\u00e8s doux adapt\u00e9 a la plupart de cheveux, avec des ingr\u00e9dients qui leurs apportent force, brillance, nutrition, hydratation\u2026.<\/p>\n<p>60 g<\/p>\n<pre><strong><span style=\"color: #ff0000;\">SANS PLASTIQUE........PLUS VERT<\/span><\/strong>\r\n\r\n<strong><span style=\"color: #ff0000;\">DURE TR\u00c8S LONGTEMPS...PLUS ECONOMIQUE<\/span><\/strong>\r\n\r\n<strong><span style=\"color: #ff0000;\">SANS EAU..............MOINS DE CONSERVATEUR<\/span><\/strong><\/pre>\n","protected":false},"featured_media":987458615,"template":"","meta":[],"_links":{"self":[{"href":"https:\/\/www.pocionsdellunanova.com\/fr\/wp-json\/wp\/v2\/product\/987457768"}],"collection":[{"href":"https:\/\/www.pocionsdellunanova.com\/fr\/wp-json\/wp\/v2\/product"}],"about":[{"href":"https:\/\/www.pocionsdellunanova.com\/fr\/wp-json\/wp\/v2\/types\/product"}],"wp:featuredmedia":[{"embeddable":true,"href":"https:\/\/www.pocionsdellunanova.com\/fr\/wp-json\/wp\/v2\/media\/987458615"}],"wp:attachment":[{"href":"https:\/\/www.pocionsdellunanova.com\/fr\/wp-json\/wp\/v2\/media?parent=987457768"}],"curies":[{"name":"wp","href":"https:\/\/api.w.org\/{rel}","templated":true}]}}