{"id":987455830,"date":"2017-06-29T16:45:19","date_gmt":"2017-06-29T16:45:19","guid":{"rendered":"http:\/\/www.pocionsdellunanova.com\/?post_type=product&#038;p=987455830\/"},"modified":"2020-02-19T12:28:10","modified_gmt":"2020-02-19T12:28:10","slug":"aigua-de-somnis","status":"publish","type":"product","link":"https:\/\/www.pocionsdellunanova.com\/fr\/producte\/aigua-de-somnis\/","title":{"rendered":"Aigua de somnis"},"content":{"rendered":"","protected":false},"excerpt":{"rendered":"<h3 class=\"p1\"><\/h3>\n<h4>Eau de r\u00eaves<\/h4>\n<p>solution alcoolique d&rsquo;huiles\u00a0essentielles 100 % naturelles connues pour leurs propri\u00e9t\u00e9es relaxantes : m\u00e9lisse, lavande, bergamote, geranium, mandarine\u2026. Son parfum est tr\u00e8s agr\u00e9able et l\u00e9ger.<\/p>\n<p>A\u00e9rosol 50 mL<\/p>\n","protected":false},"featured_media":987458644,"template":"","meta":[],"_links":{"self":[{"href":"https:\/\/www.pocionsdellunanova.com\/fr\/wp-json\/wp\/v2\/product\/987455830"}],"collection":[{"href":"https:\/\/www.pocionsdellunanova.com\/fr\/wp-json\/wp\/v2\/product"}],"about":[{"href":"https:\/\/www.pocionsdellunanova.com\/fr\/wp-json\/wp\/v2\/types\/product"}],"wp:featuredmedia":[{"embeddable":true,"href":"https:\/\/www.pocionsdellunanova.com\/fr\/wp-json\/wp\/v2\/media\/987458644"}],"wp:attachment":[{"href":"https:\/\/www.pocionsdellunanova.com\/fr\/wp-json\/wp\/v2\/media?parent=987455830"}],"curies":[{"name":"wp","href":"https:\/\/api.w.org\/{rel}","templated":true}]}}