{"id":987455234,"date":"2017-05-26T15:23:10","date_gmt":"2017-05-26T14:23:10","guid":{"rendered":"http:\/\/www.pocionsdellunanova.com\/shop\/Sense%20categoria\/sabo-de-lavanda\/"},"modified":"2020-02-17T12:34:47","modified_gmt":"2020-02-17T12:34:47","slug":"savon-de-lavande","status":"publish","type":"product","link":"https:\/\/www.pocionsdellunanova.com\/fr\/producte\/savon-de-lavande\/","title":{"rendered":"Savon \u00e0 la lavande"},"content":{"rendered":"","protected":false},"excerpt":{"rendered":"<p>Savon fabriqu\u00e9 \u00e0 froid avec huile essentielle de lavande.<\/p>\n<p>45 g minimum \u00e0 l&#8217;emballage<\/p>\n","protected":false},"featured_media":987455735,"template":"","meta":[],"_links":{"self":[{"href":"https:\/\/www.pocionsdellunanova.com\/fr\/wp-json\/wp\/v2\/product\/987455234"}],"collection":[{"href":"https:\/\/www.pocionsdellunanova.com\/fr\/wp-json\/wp\/v2\/product"}],"about":[{"href":"https:\/\/www.pocionsdellunanova.com\/fr\/wp-json\/wp\/v2\/types\/product"}],"wp:featuredmedia":[{"embeddable":true,"href":"https:\/\/www.pocionsdellunanova.com\/fr\/wp-json\/wp\/v2\/media\/987455735"}],"wp:attachment":[{"href":"https:\/\/www.pocionsdellunanova.com\/fr\/wp-json\/wp\/v2\/media?parent=987455234"}],"curies":[{"name":"wp","href":"https:\/\/api.w.org\/{rel}","templated":true}]}}