{"id":987454936,"date":"2016-03-24T20:01:14","date_gmt":"2016-03-24T20:01:14","guid":{"rendered":"http:\/\/www.pocionsdellunanova.com\/order-tracking\/"},"modified":"2017-08-22T10:59:57","modified_gmt":"2017-08-22T10:59:57","slug":"order-tracking","status":"publish","type":"page","link":"https:\/\/www.pocionsdellunanova.com\/fr\/order-tracking\/","title":{"rendered":"Suivre les ordres"},"content":{"rendered":"<p>[et_pb_section bb_built=\u00a0\u00bb1&Prime; admin_label=\u00a0\u00bbsection\u00a0\u00bb parallax=\u00a0\u00bbon\u00a0\u00bb parallax_method=\u00a0\u00bboff\u00a0\u00bb padding_mobile=\u00a0\u00bboff\u00a0\u00bb module_id=\u00a0\u00bbwc-acct\u00a0\u00bb _builder_version=\u00a0\u00bb3.0.64&Prime; background_image=\u00a0\u00bbhttp:\/\/www.pocionsdellunanova.com\/wp-content\/uploads\/2016\/02\/background_cart.jpg\u00a0\u00bb][et_pb_row background_position=\u00a0\u00bbtop_left\u00a0\u00bb background_repeat=\u00a0\u00bbrepeat\u00a0\u00bb background_size=\u00a0\u00bbinitial\u00a0\u00bb _builder_version=\u00a0\u00bb3.0.64&Prime; background_position_1=\u00a0\u00bbtop_left\u00a0\u00bb background_repeat_1=\u00a0\u00bbno-repeat\u00a0\u00bb custom_padding_phone=\u00a0\u00bb|10px||10px\u00a0\u00bb custom_padding_last_edited=\u00a0\u00bboff|tablet\u00a0\u00bb background_color=\u00a0\u00bbrgba(255,255,255,0.8)\u00a0\u00bb custom_padding=\u00a0\u00bb|25px||25px\u00a0\u00bb][et_pb_column type=\u00a0\u00bb4_4&Prime;][et_pb_divider _builder_version=\u00a0\u00bb3.0.51&Prime; divider_style=\u00a0\u00bbsolid\u00a0\u00bb divider_position=\u00a0\u00bbtop\u00a0\u00bb height=\u00a0\u00bb150&Prime; hide_on_mobile=\u00a0\u00bbon\u00a0\u00bb \/][et_pb_code _builder_version=\u00a0\u00bb3.0.64&Prime;]<div class=\"woocommerce\">\n<form action=\"https:\/\/www.pocionsdellunanova.com\/fr\/order-tracking\/\" method=\"post\" class=\"track_order\">\n\n\t<p>Pour suivre votre commande veuillez renseigner votre identifiant de commande dans la boite ci-dessous et cliquer le bouton &laquo;&nbsp;Suivre&nbsp;&raquo;. Il vous a \u00e9t\u00e9 donn\u00e9 sur votre re\u00e7u et dans l&rsquo;e-mail de confirmation que vous avez du recevoir.<\/p>\n\n\t<p class=\"form-row form-row-first\"><label for=\"orderid\">N&deg; de commande<\/label> <input class=\"input-text\" type=\"text\" name=\"orderid\" id=\"orderid\" value=\"\" placeholder=\"Pr\u00e9sent dans l&rsquo;e-mail de confirmation.\" \/><\/p>\t<p class=\"form-row form-row-last\"><label for=\"order_email\">E-mail de facturation<\/label> <input class=\"input-text\" type=\"text\" name=\"order_email\" id=\"order_email\" value=\"\" placeholder=\"E-mail utilis\u00e9 pour la commande.\" \/><\/p>\t<div class=\"clear\"><\/div>\n\n\t<p class=\"form-row\"><button type=\"submit\" class=\"button\" name=\"track\" value=\"Suivi\">Suivi<\/button><\/p>\n\t<input type=\"hidden\" id=\"_wpnonce\" name=\"_wpnonce\" value=\"64436b3d3b\" \/><input type=\"hidden\" name=\"_wp_http_referer\" value=\"\/fr\/wp-json\/wp\/v2\/pages\/987454936\" \/>\n<\/form>\n<\/div>[\/et_pb_code][et_pb_divider _builder_version=\u00a0\u00bb3.0.51&Prime; divider_style=\u00a0\u00bbsolid\u00a0\u00bb divider_position=\u00a0\u00bbtop\u00a0\u00bb height=\u00a0\u00bb50&Prime; hide_on_mobile=\u00a0\u00bbon\u00a0\u00bb \/][\/et_pb_column][\/et_pb_row][\/et_pb_section]<\/p>\n","protected":false},"excerpt":{"rendered":"<p>Suivre les comande<\/p>\n","protected":false},"author":1,"featured_media":0,"parent":0,"menu_order":0,"comment_status":"closed","ping_status":"closed","template":"","meta":[],"_links":{"self":[{"href":"https:\/\/www.pocionsdellunanova.com\/fr\/wp-json\/wp\/v2\/pages\/987454936"}],"collection":[{"href":"https:\/\/www.pocionsdellunanova.com\/fr\/wp-json\/wp\/v2\/pages"}],"about":[{"href":"https:\/\/www.pocionsdellunanova.com\/fr\/wp-json\/wp\/v2\/types\/page"}],"author":[{"embeddable":true,"href":"https:\/\/www.pocionsdellunanova.com\/fr\/wp-json\/wp\/v2\/users\/1"}],"replies":[{"embeddable":true,"href":"https:\/\/www.pocionsdellunanova.com\/fr\/wp-json\/wp\/v2\/comments?post=987454936"}],"version-history":[{"count":0,"href":"https:\/\/www.pocionsdellunanova.com\/fr\/wp-json\/wp\/v2\/pages\/987454936\/revisions"}],"wp:attachment":[{"href":"https:\/\/www.pocionsdellunanova.com\/fr\/wp-json\/wp\/v2\/media?parent=987454936"}],"curies":[{"name":"wp","href":"https:\/\/api.w.org\/{rel}","templated":true}]}}