{"id":987454868,"date":"2016-03-02T11:34:10","date_gmt":"2016-03-02T11:34:10","guid":{"rendered":"http:\/\/www.pocionsdellunanova.com\/les-plantes\/"},"modified":"2017-08-28T09:02:43","modified_gmt":"2017-08-28T09:02:43","slug":"nos-plantes","status":"publish","type":"page","link":"https:\/\/www.pocionsdellunanova.com\/fr\/nos-plantes\/","title":{"rendered":"Les plantes que nous utilisons"},"content":{"rendered":"<p>[et_pb_section bb_built=\u00a0\u00bb1&Prime; fullwidth=\u00a0\u00bboff\u00a0\u00bb specialty=\u00a0\u00bboff\u00a0\u00bb _builder_version=\u00a0\u00bb3.0.69&Prime; background_color_gradient_start=\u00a0\u00bb#fee1e1&Prime; background_color_gradient_end=\u00a0\u00bbrgba(255,255,255,0.8)\u00a0\u00bb background_image=\u00a0\u00bbhttp:\/\/www.pocionsdellunanova.com\/wp-content\/uploads\/2016\/02\/background_cart.jpg\u00a0\u00bb parallax=\u00a0\u00bbon\u00a0\u00bb parallax_method=\u00a0\u00bboff\u00a0\u00bb][et_pb_row make_fullwidth=\u00a0\u00bboff\u00a0\u00bb use_custom_width=\u00a0\u00bboff\u00a0\u00bb width_unit=\u00a0\u00bbon\u00a0\u00bb use_custom_gutter=\u00a0\u00bboff\u00a0\u00bb padding_mobile=\u00a0\u00bboff\u00a0\u00bb allow_player_pause=\u00a0\u00bboff\u00a0\u00bb parallax=\u00a0\u00bboff\u00a0\u00bb parallax_method=\u00a0\u00bboff\u00a0\u00bb make_equal=\u00a0\u00bboff\u00a0\u00bb parallax_1=\u00a0\u00bboff\u00a0\u00bb parallax_method_1=\u00a0\u00bboff\u00a0\u00bb column_padding_mobile=\u00a0\u00bbon\u00a0\u00bb custom_css_before=\u00a0\u00bbdisplay:none;\u00a0\u00bb background_position=\u00a0\u00bbtop_left\u00a0\u00bb background_repeat=\u00a0\u00bbrepeat\u00a0\u00bb background_size=\u00a0\u00bbinitial\u00a0\u00bb][et_pb_column type=\u00a0\u00bb4_4&Prime;][et_pb_text admin_label=\u00a0\u00bbLes nostres plantes\u00a0\u00bb background_layout=\u00a0\u00bbdark\u00a0\u00bb text_orientation=\u00a0\u00bbcenter\u00a0\u00bb text_font=\u00a0\u00bbRaleway|on|||\u00a0\u00bb text_font_size=\u00a0\u00bb30&Prime; border_style=\u00a0\u00bbsolid\u00a0\u00bb text_text_color=\u00a0\u00bb#ffffff\u00a0\u00bb background_position=\u00a0\u00bbtop_left\u00a0\u00bb background_repeat=\u00a0\u00bbrepeat\u00a0\u00bb background_size=\u00a0\u00bbinitial\u00a0\u00bb _builder_version=\u00a0\u00bb3.0.69&Prime; header_font_size=\u00a0\u00bb60px\u00a0\u00bb header_font_size_tablet=\u00a0\u00bb45px\u00a0\u00bb header_font_size_phone=\u00a0\u00bb26px\u00a0\u00bb header_font_size_last_edited=\u00a0\u00bbon|phone\u00a0\u00bb header_text_color=\u00a0\u00bb#861e44&Prime;]<\/p>\n<h1>Les plantes que nous utilisons<\/h1>\n<p>[\/et_pb_text][\/et_pb_column][\/et_pb_row][et_pb_row _builder_version=\u00a0\u00bb3.0.64&Prime; background_position_1=\u00a0\u00bbtop_left\u00a0\u00bb background_repeat_1=\u00a0\u00bbno-repeat\u00a0\u00bb][et_pb_column type=\u00a0\u00bb4_4&Prime;] <div  class=\"et_pb_module  et_pb_vertical_timeline_0\">\n\t\t\t\t\t<section id=\"cd-timeline\" class=\"cd-container\"><\/p>    <div class=\"cd-timeline-block  et_pb_vertical_timeline_item_0\">\n\t\t\t\t\t\t    <div class=\"cd-timeline-img\" style=\"background-color: #ffffff\"><span class=\"et-pb-icon et-pb-icon-circle\" style=\"color: #861e44\">&#xe00a;<\/span><\/div>\n\t\t\t    \n\t\t\t\t\t\t    <div class=\"cd-timeline-content\">\n\t\t\t\t\t\t\t\n\t\t\t\t\t\t\t<div class=\"cd-timeline-content-liner et-waypoint et_pb_animation_left\">\n\t\t\t\t\t\t\t\t<h2>M\u00c9LISSE<\/h2>\n\t\t\t\t\t\t\t\t<h4><strong><a href=\"https:\/\/fr.wikipedia.org\/wiki\/M%C3%A9lisse_officinale\">Melissa officinalis.<\/a><\/strong><\/h4>\n<p style=\"text-align: center;\">Nous utilisons les fleurs et les feuilles que nous distillons pour obtenir l&rsquo;hidrolat.<\/p>\n<p><img loading=\"lazy\" class=\"aligncenter size-medium wp-image-987454536\" src=\"http:\/\/www.pocionsdellunanova.com\/wp-content\/uploads\/2017\/05\/taronjina-300x175.jpg\" alt=\"\" width=\"300\" height=\"175\" srcset=\"https:\/\/www.pocionsdellunanova.com\/wp-content\/uploads\/2017\/05\/taronjina-300x175.jpg 300w, https:\/\/www.pocionsdellunanova.com\/wp-content\/uploads\/2017\/05\/taronjina.jpg 354w\" sizes=\"(max-width: 300px) 100vw, 300px\" \/><\/p>\n\n\t\t\t\t\t\t\t\t\n\t\t\t\t\t\t\t<\/div>\n\t\t\t\t\t\t    <\/div>\n\t\t\t\t\t    <\/div>    <div class=\"cd-timeline-block  et_pb_vertical_timeline_item_1\">\n\t\t\t\t\t\t    <div class=\"cd-timeline-img\" style=\"background-color: #ffffff\"><span class=\"et-pb-icon et-pb-icon-circle\" style=\"color: #861e44\">&#xe00a;<\/span><\/div>\n\t\t\t    \n\t\t\t\t\t\t    <div class=\"cd-timeline-content\">\n\t\t\t\t\t\t\t\n\t\t\t\t\t\t\t<div class=\"cd-timeline-content-liner et-waypoint et_pb_animation_right\">\n\t\t\t\t\t\t\t\t<h2>LAVANDE VRAIE, LAVANDE FINE<\/h2>\n\t\t\t\t\t\t\t\t<h4 style=\"text-align: left;\"><a href=\"https:\/\/fr.wikipedia.org\/wiki\/Lavandula_angustifolia\"><strong>Lavandula angustifolia<\/strong><\/a><\/h4>\n<p class=\"p1\" style=\"text-align: center;\">Nous distillons les fleurs et les feuilles pour obtenir l&rsquo;huile essentielle et l&rsquo;hidrolat qui sont utilis\u00e9s pour diff\u00e9rents produits.<\/p>\n<p><img loading=\"lazy\" class=\"aligncenter size-medium wp-image-987454537\" src=\"http:\/\/www.pocionsdellunanova.com\/wp-content\/uploads\/2017\/05\/lavanda-300x175.jpg\" alt=\"\" width=\"300\" height=\"175\" srcset=\"https:\/\/www.pocionsdellunanova.com\/wp-content\/uploads\/2017\/05\/lavanda-300x175.jpg 300w, https:\/\/www.pocionsdellunanova.com\/wp-content\/uploads\/2017\/05\/lavanda.jpg 354w\" sizes=\"(max-width: 300px) 100vw, 300px\" \/><\/p>\n\n\t\t\t\t\t\t\t\t\n\t\t\t\t\t\t\t<\/div>\n\t\t\t\t\t\t    <\/div>\n\t\t\t\t\t    <\/div>    <div class=\"cd-timeline-block  et_pb_vertical_timeline_item_2\">\n\t\t\t\t\t\t    <div class=\"cd-timeline-img\" style=\"background-color: #ffffff\"><span class=\"et-pb-icon et-pb-icon-circle\" style=\"color: #861e44\">&#xe00a;<\/span><\/div>\n\t\t\t    \n\t\t\t\t\t\t    <div class=\"cd-timeline-content\">\n\t\t\t\t\t\t\t\n\t\t\t\t\t\t\t<div class=\"cd-timeline-content-liner et-waypoint et_pb_animation_left\">\n\t\t\t\t\t\t\t\t<h2>MENTHE POIVR\u00c9E<\/h2>\n\t\t\t\t\t\t\t\t<h4 style=\"text-align: left;\"><a href=\"https:\/\/fr.wikipedia.org\/wiki\/Menthe_poivr%C3%A9e\"><strong>Mentha piperita.<\/strong><\/a><\/h4>\n<p class=\"p1\" style=\"text-align: center;\">Nous utilisons les feuilles pour faire des mac\u00e9rations huileuse et alcoolique ou pour les distiller.<\/p>\n<p><a href=\"https:\/\/es.wikipedia.org\/wiki\/Mentha_%C3%97_piperita\"><img loading=\"lazy\" class=\"aligncenter size-full wp-image-987454654\" src=\"http:\/\/www.pocionsdellunanova.com\/wp-content\/uploads\/2017\/05\/menta.jpg\" alt=\"\" width=\"354\" height=\"207\" \/><\/a><\/p>\n\n\t\t\t\t\t\t\t\t\n\t\t\t\t\t\t\t<\/div>\n\t\t\t\t\t\t    <\/div>\n\t\t\t\t\t    <\/div>    <div class=\"cd-timeline-block  et_pb_vertical_timeline_item_3\">\n\t\t\t\t\t\t    <div class=\"cd-timeline-img\" style=\"background-color: #ffffff\"><span class=\"et-pb-icon et-pb-icon-circle\" style=\"color: #861e44\">&#xe00a;<\/span><\/div>\n\t\t\t    \n\t\t\t\t\t\t    <div class=\"cd-timeline-content\">\n\t\t\t\t\t\t\t\n\t\t\t\t\t\t\t<div class=\"cd-timeline-content-liner et-waypoint et_pb_animation_right\">\n\t\t\t\t\t\t\t\t<h2>CAMOMILLE<\/h2>\n\t\t\t\t\t\t\t\t<h4 style=\"text-align: left;\"><a href=\"https:\/\/fr.wikipedia.org\/wiki\/Matricaria_recutita\"><strong>Chamomilla recutita.<\/strong><\/a><\/h4>\n<p class=\"p1\" style=\"text-align: center;\">Nous coeuillons les fleurs le matin pour les distiller et obtenir l&rsquo;huile essentielle et l&rsquo;hidrolat.<\/p>\n<p><a href=\"https:\/\/es.wikipedia.org\/wiki\/Matricaria_recutita\"><img loading=\"lazy\" class=\"aligncenter size-full wp-image-987454650\" src=\"http:\/\/www.pocionsdellunanova.com\/wp-content\/uploads\/2017\/05\/camamilla.jpg\" alt=\"\" width=\"354\" height=\"207\" \/><\/a><\/p>\n\n\t\t\t\t\t\t\t\t\n\t\t\t\t\t\t\t<\/div>\n\t\t\t\t\t\t    <\/div>\n\t\t\t\t\t    <\/div>    <div class=\"cd-timeline-block  et_pb_vertical_timeline_item_4\">\n\t\t\t\t\t\t    <div class=\"cd-timeline-img\" style=\"background-color: #ffffff\"><span class=\"et-pb-icon et-pb-icon-circle\" style=\"color: #861e44\">&#xe00a;<\/span><\/div>\n\t\t\t    \n\t\t\t\t\t\t    <div class=\"cd-timeline-content\">\n\t\t\t\t\t\t\t\n\t\t\t\t\t\t\t<div class=\"cd-timeline-content-liner et-waypoint et_pb_animation_left\">\n\t\t\t\t\t\t\t\t<h2>ARTEMISA<\/h2>\n\t\t\t\t\t\t\t\t<h4 style=\"text-align: left;\"><a href=\"https:\/\/fr.wikipedia.org\/wiki\/Artemisia_vulgaris\"><strong>Artemisia vulgaris.<\/strong><\/a><\/h4>\n<p class=\"p1\" style=\"text-align: center;\">Nous ceuillons la plante en fleur et nous en faisons une mac\u00e9ration huileuse avec de l&rsquo;huile d&rsquo;amande douce.<\/p>\n<p><a href=\"https:\/\/es.wikipedia.org\/wiki\/Artemisia_vulgaris\"><img loading=\"lazy\" class=\"aligncenter size-full wp-image-987454648\" src=\"http:\/\/www.pocionsdellunanova.com\/wp-content\/uploads\/2017\/05\/artemisa.jpg\" alt=\"\" width=\"354\" height=\"207\" \/><\/a><\/p>\n<p style=\"text-align: center;\"><strong>Curiosit\u00e9:<\/strong>\u00a0il parait que les romains mettaient quelques feuilles de cette plante dans leurs sandales pour ne pas se fatiguer. Au XIX plusieurs comunaut\u00e9es \u00a0 en mettaient aussi quelques feuilles dans leurs sabots dans le m\u00eame but.<\/p>\n\n\t\t\t\t\t\t\t\t\n\t\t\t\t\t\t\t<\/div>\n\t\t\t\t\t\t    <\/div>\n\t\t\t\t\t    <\/div>    <div class=\"cd-timeline-block  et_pb_vertical_timeline_item_5\">\n\t\t\t\t\t\t    <div class=\"cd-timeline-img\" style=\"background-color: #ffffff\"><span class=\"et-pb-icon et-pb-icon-circle\" style=\"color: #861e44\">&#xe00a;<\/span><\/div>\n\t\t\t    \n\t\t\t\t\t\t    <div class=\"cd-timeline-content\">\n\t\t\t\t\t\t\t\n\t\t\t\t\t\t\t<div class=\"cd-timeline-content-liner et-waypoint et_pb_animation_right\">\n\t\t\t\t\t\t\t\t<h2>ROMARIN<\/h2>\n\t\t\t\t\t\t\t\t<h4 style=\"text-align: left;\"><a href=\"https:\/\/fr.wikipedia.org\/wiki\/Romarin\"><strong>Rosmarinus vulgaris.<\/strong><\/a><\/h4>\n<p class=\"p1\" style=\"text-align: center;\">Nous utilisons la plante fleurie pour la distiller et obtenir de l&rsquo;huile essentielle et de l&rsquo;hidrolat.\u00a0Nous en faisons \u00e9galement une mac\u00e9ration alcoolique ou teinture.<\/p>\n<p><a href=\"https:\/\/es.wikipedia.org\/wiki\/Rosmarinus_officinalis\"><img loading=\"lazy\" class=\"aligncenter size-full wp-image-987454651\" src=\"http:\/\/www.pocionsdellunanova.com\/wp-content\/uploads\/2017\/05\/romani.jpg\" alt=\"\" width=\"354\" height=\"207\" \/><\/a><\/p>\n\n\t\t\t\t\t\t\t\t\n\t\t\t\t\t\t\t<\/div>\n\t\t\t\t\t\t    <\/div>\n\t\t\t\t\t    <\/div>    <div class=\"cd-timeline-block  et_pb_vertical_timeline_item_6\">\n\t\t\t\t\t\t    <div class=\"cd-timeline-img\" style=\"background-color: #ffffff\"><span class=\"et-pb-icon et-pb-icon-circle\" style=\"color: #861e44\">&#xe00a;<\/span><\/div>\n\t\t\t    \n\t\t\t\t\t\t    <div class=\"cd-timeline-content\">\n\t\t\t\t\t\t\t\n\t\t\t\t\t\t\t<div class=\"cd-timeline-content-liner et-waypoint et_pb_animation_left\">\n\t\t\t\t\t\t\t\t<h2>CALENDULA, SOUCI<\/h2>\n\t\t\t\t\t\t\t\t<h4 style=\"text-align: left;\"><a href=\"https:\/\/fr.wikipedia.org\/wiki\/Souci_officinal\"><strong>Calendula officinalis.<\/strong><\/a><\/h4>\n<p style=\"text-align: center;\">Nous coeuillons les fleurs de Souci cultiv\u00e9es et nous en faisons un mac\u00e9rat huileux .<\/p>\n<p><a href=\"https:\/\/es.wikipedia.org\/wiki\/Calendula_officinalis\"><img loading=\"lazy\" class=\"aligncenter size-full wp-image-987454649\" src=\"http:\/\/www.pocionsdellunanova.com\/wp-content\/uploads\/2017\/05\/calendula.jpg\" alt=\"\" width=\"354\" height=\"207\" \/><\/a><\/p>\n\n\t\t\t\t\t\t\t\t\n\t\t\t\t\t\t\t<\/div>\n\t\t\t\t\t\t    <\/div>\n\t\t\t\t\t    <\/div>    <div class=\"cd-timeline-block  et_pb_vertical_timeline_item_7\">\n\t\t\t\t\t\t    <div class=\"cd-timeline-img\" style=\"background-color: #ffffff\"><span class=\"et-pb-icon et-pb-icon-circle\" style=\"color: #861e44\">&#xe00a;<\/span><\/div>\n\t\t\t    \n\t\t\t\t\t\t    <div class=\"cd-timeline-content\">\n\t\t\t\t\t\t\t\n\t\t\t\t\t\t\t<div class=\"cd-timeline-content-liner et-waypoint et_pb_animation_right\">\n\t\t\t\t\t\t\t\t<h2>ARNICA<\/h2>\n\t\t\t\t\t\t\t\t<h4 style=\"text-align: left;\"><strong><a href=\"https:\/\/fr.wikipedia.org\/wiki\/Arnica_des_montagnes\">Arnica Montana.<\/a><\/strong><\/h4>\n<p class=\"p1\" style=\"text-align: center;\">Nous coeuillons les fleur d&rsquo;arnica cultiv\u00e9es et sauvages et nous en faisons une mac\u00e9ration huileuse.<\/p>\n<p><a href=\"https:\/\/es.wikipedia.org\/wiki\/Arnica_montana\"><img loading=\"lazy\" class=\"aligncenter wp-image-987454647 size-full\" src=\"http:\/\/www.pocionsdellunanova.com\/wp-content\/uploads\/2017\/05\/arnica.jpg\" alt=\"\" width=\"354\" height=\"207\" \/><\/a><\/p>\n<p>&nbsp;<\/p>\n\n\t\t\t\t\t\t\t\t\n\t\t\t\t\t\t\t<\/div>\n\t\t\t\t\t\t    <\/div>\n\t\t\t\t\t    <\/div>    <div class=\"cd-timeline-block  et_pb_vertical_timeline_item_8\">\n\t\t\t\t\t\t    <div class=\"cd-timeline-img\" style=\"background-color: #ffffff\"><span class=\"et-pb-icon et-pb-icon-circle\" style=\"color: #861e44\">&#xe00a;<\/span><\/div>\n\t\t\t    \n\t\t\t\t\t\t    <div class=\"cd-timeline-content\">\n\t\t\t\t\t\t\t\n\t\t\t\t\t\t\t<div class=\"cd-timeline-content-liner et-waypoint et_pb_animation_left\">\n\t\t\t\t\t\t\t\t<h2>ROSE<\/h2>\n\t\t\t\t\t\t\t\t<h4 style=\"text-align: left;\"><strong><a href=\"https:\/\/fr.wikipedia.org\/wiki\/Rosa_%C3%97centifolia\" target=\"_blank\" rel=\"noopener noreferrer\">Rosa centifolia.<\/a><\/strong><\/h4>\n<p style=\"text-align: center;\">Nous faisons s\u00e9cher des p\u00e9tales de roses cultiv\u00e9s et nous en faisons une mac\u00e9ration dans de l&rsquo;huile d&rsquo;amandes douces vierge.\u00a0Nous gardons des p\u00e9tales de rose secs pour les rajoutter \u00e0 certains de nos produits.<\/p>\n<p><a href=\"https:\/\/en.wikipedia.org\/wiki\/Rosa_%C3%97_centifolia\"><img loading=\"lazy\" class=\"aligncenter size-full wp-image-987454646\" src=\"http:\/\/www.pocionsdellunanova.com\/wp-content\/uploads\/2017\/05\/rosa.jpg\" alt=\"\" width=\"354\" height=\"207\" \/><\/a><\/p>\n<p>&nbsp;<\/p>\n<p>&nbsp;<\/p>\n\n\t\t\t\t\t\t\t\t\n\t\t\t\t\t\t\t<\/div>\n\t\t\t\t\t\t    <\/div>\n\t\t\t\t\t    <\/div>    <div class=\"cd-timeline-block  et_pb_vertical_timeline_item_9\">\n\t\t\t\t\t\t    <div class=\"cd-timeline-img\" style=\"background-color: #ffffff\"><span class=\"et-pb-icon et-pb-icon-circle\" style=\"color: #861e44\">&#xe00a;<\/span><\/div>\n\t\t\t    \n\t\t\t\t\t\t    <div class=\"cd-timeline-content\">\n\t\t\t\t\t\t\t\n\t\t\t\t\t\t\t<div class=\"cd-timeline-content-liner et-waypoint et_pb_animation_right\">\n\t\t\t\t\t\t\t\t<h2>MILLEPERTUIS<\/h2>\n\t\t\t\t\t\t\t\t<h4 style=\"text-align: left;\"><a href=\"https:\/\/fr.wikipedia.org\/wiki\/Millepertuis_perfor%C3%A9\"><strong>Hypericum perforatum.<\/strong><\/a><\/h4>\n<p class=\"p1\" style=\"text-align: center;\">Nous faisons une mac\u00e9ration huileuse de Milleperuis en frais.<\/p>\n<p><a href=\"https:\/\/es.wikipedia.org\/wiki\/Hypericum_perforatum\"><img loading=\"lazy\" class=\"aligncenter size-full wp-image-987454653\" src=\"http:\/\/www.pocionsdellunanova.com\/wp-content\/uploads\/2017\/05\/hiperic.jpg\" alt=\"\" width=\"354\" height=\"207\" \/><\/a><\/p>\n<p>&nbsp;<\/p>\n\n\t\t\t\t\t\t\t\t\n\t\t\t\t\t\t\t<\/div>\n\t\t\t\t\t\t    <\/div>\n\t\t\t\t\t    <\/div><p><\/section>\n\t\t\t\t    <\/div>[\/et_pb_column][\/et_pb_row][\/et_pb_section]<\/p>\n","protected":false},"excerpt":{"rendered":"<p>Les plantes sauvages: la r\u00e9colte au bon moment dans notre environnement selon les normes strictes de respect de la nature.<\/p>\n","protected":false},"author":1,"featured_media":987455471,"parent":0,"menu_order":0,"comment_status":"closed","ping_status":"closed","template":"","meta":[],"_links":{"self":[{"href":"https:\/\/www.pocionsdellunanova.com\/fr\/wp-json\/wp\/v2\/pages\/987454868"}],"collection":[{"href":"https:\/\/www.pocionsdellunanova.com\/fr\/wp-json\/wp\/v2\/pages"}],"about":[{"href":"https:\/\/www.pocionsdellunanova.com\/fr\/wp-json\/wp\/v2\/types\/page"}],"author":[{"embeddable":true,"href":"https:\/\/www.pocionsdellunanova.com\/fr\/wp-json\/wp\/v2\/users\/1"}],"replies":[{"embeddable":true,"href":"https:\/\/www.pocionsdellunanova.com\/fr\/wp-json\/wp\/v2\/comments?post=987454868"}],"version-history":[{"count":0,"href":"https:\/\/www.pocionsdellunanova.com\/fr\/wp-json\/wp\/v2\/pages\/987454868\/revisions"}],"wp:featuredmedia":[{"embeddable":true,"href":"https:\/\/www.pocionsdellunanova.com\/fr\/wp-json\/wp\/v2\/media\/987455471"}],"wp:attachment":[{"href":"https:\/\/www.pocionsdellunanova.com\/fr\/wp-json\/wp\/v2\/media?parent=987454868"}],"curies":[{"name":"wp","href":"https:\/\/api.w.org\/{rel}","templated":true}]}}