{"id":987454777,"date":"2016-04-30T07:27:06","date_gmt":"2016-04-30T07:27:06","guid":{"rendered":"http:\/\/www.pocionsdellunanova.com\/condicions-de-compra\/"},"modified":"2019-09-11T08:57:38","modified_gmt":"2019-09-11T08:57:38","slug":"conditions-generals","status":"publish","type":"page","link":"https:\/\/www.pocionsdellunanova.com\/fr\/conditions-generals\/","title":{"rendered":""},"content":{"rendered":"<h1 style=\"font-size: 38pt; color: #732C7B;\">Conditions g\u00e9n\u00e9rales<\/h1>\n<p><strong>CONDITIONS D&rsquo;UTILISATION<\/strong><\/p>\n<div class=\"et_pb_blurb_container\">\n<p>Les conditions \u00e9num\u00e9r\u00e9es ci-dessous sont applicables \u00e0 la vente de tous les produits \u00ab\u00a0POCIONS DE LLUNA NOVA\u00a0\u00bb aux professionnels, aux consommateurs, aux utilisateurs ou \u00e0 tout autre consomateur final. Avant d&rsquo;acheter un produit, il est obligatoire de lire et de consentir aux conditions ci-dessous. L&rsquo;achat pr\u00e9supose de son acceptation.<\/p>\n<p>Les prix en vigueur sont ceux indiqu\u00e9s sur la la page web. Cosm\u00e8tics naturals Bony de la Coma se r\u00e9serve le droit de les changer sans pr\u00e9avis.\u00a0Dans tous les cas sont pr\u00e9vaut le prix au moment de l&rsquo;achat.<\/p>\n<p>Nous vous enverrons la facture par mail en m\u00eame temps que votre paquet.<\/p>\n<p class=\"p1\" style=\"text-align: justify;\"><strong>MODES DE PAIEMENT<\/strong><\/p>\n<p>Vous pouvez pyer par:VISA, VISA ELECTRON, MASTERCARD<\/p>\n<p><strong>ANNULATION\/ REMBOURSEMENT DE COMMANDES<\/strong><\/p>\n<p>Vous pouvez annuler votre commande en eliminant vos produits avant la\u00a0confirmer.\u00a0Si votre commande a \u00e9t\u00e9e confirm\u00e9e veuillez vous mettre en contact avec\u00a0nous. Si elle n&rsquo;a pas \u00e9t\u00e9 envoy\u00e9e nous arriverons a un arrangement pour\u00a0le remboursement, sinon les frais d&rsquo;envoi et de retour seront \u00e0 la charge\u00a0du client et nous proc\u00e8derons au remboursement une fois v\u00e9rifi\u00e9 le bon\u00a0\u00e9tat des produits retourn\u00e9s.<\/p>\n<p>En cas de produit dans un mauvais \u00e9tat ou d&rsquo;erreur de produit, veuillez\u00a0nous contacter et nous ferons le necessaire pour vous faire parvenir le\u00a0bon produit sans frais supl\u00e9ntaires.<\/p>\n<p>Le remboursement d&rsquo;un produit sans erreur d&rsquo;envoi de la part de Cosm\u00e8tics\u00a0naturals Bony de la Coma est possible si le produit est dans de bonnes\u00a0conditions, non commenc\u00e9, dans son embalage d&rsquo;origine. Une fois ces\u00a0conditions v\u00e9rifi\u00e9es, nous proc\u00e9derons au rembourcement du produit.\u00a0Les frais d&rsquo;envoi sont \u00e0 la charge du client.<\/p>\n<\/div>\n","protected":false},"excerpt":{"rendered":"<p>Conditions g\u00e9n\u00e9rales CONDITIONS D&rsquo;UTILISATION Les conditions \u00e9num\u00e9r\u00e9es ci-dessous sont applicables \u00e0 la vente de tous les produits \u00ab\u00a0POCIONS DE LLUNA NOVA\u00a0\u00bb aux professionnels, aux consommateurs, aux utilisateurs ou \u00e0 tout autre consomateur final. Avant d&rsquo;acheter un produit, il est obligatoire de lire et de consentir aux conditions ci-dessous. L&rsquo;achat pr\u00e9supose de son acceptation. Les prix [&hellip;]<\/p>\n","protected":false},"author":1,"featured_media":987454978,"parent":0,"menu_order":0,"comment_status":"closed","ping_status":"closed","template":"","meta":[],"_links":{"self":[{"href":"https:\/\/www.pocionsdellunanova.com\/fr\/wp-json\/wp\/v2\/pages\/987454777"}],"collection":[{"href":"https:\/\/www.pocionsdellunanova.com\/fr\/wp-json\/wp\/v2\/pages"}],"about":[{"href":"https:\/\/www.pocionsdellunanova.com\/fr\/wp-json\/wp\/v2\/types\/page"}],"author":[{"embeddable":true,"href":"https:\/\/www.pocionsdellunanova.com\/fr\/wp-json\/wp\/v2\/users\/1"}],"replies":[{"embeddable":true,"href":"https:\/\/www.pocionsdellunanova.com\/fr\/wp-json\/wp\/v2\/comments?post=987454777"}],"version-history":[{"count":0,"href":"https:\/\/www.pocionsdellunanova.com\/fr\/wp-json\/wp\/v2\/pages\/987454777\/revisions"}],"wp:featuredmedia":[{"embeddable":true,"href":"https:\/\/www.pocionsdellunanova.com\/fr\/wp-json\/wp\/v2\/media\/987454978"}],"wp:attachment":[{"href":"https:\/\/www.pocionsdellunanova.com\/fr\/wp-json\/wp\/v2\/media?parent=987454777"}],"curies":[{"name":"wp","href":"https:\/\/api.w.org\/{rel}","templated":true}]}}