{"id":987454764,"date":"2016-05-01T07:37:20","date_gmt":"2016-05-01T07:37:20","guid":{"rendered":"http:\/\/www.pocionsdellunanova.com\/certificacio-ecologica\/"},"modified":"2019-09-11T10:01:37","modified_gmt":"2019-09-11T10:01:37","slug":"garanties-ecologiques","status":"publish","type":"page","link":"https:\/\/www.pocionsdellunanova.com\/fr\/garanties-ecologiques\/","title":{"rendered":"Garanties \u00e9cologiques"},"content":{"rendered":"<p>[et_pb_section bb_built=\u00a0\u00bb1&Prime; admin_label=\u00a0\u00bbsection\u00a0\u00bb _builder_version=\u00a0\u00bb3.0.64&Prime; background_image=\u00a0\u00bbhttp:\/\/www.pocionsdellunanova.com\/wp-content\/uploads\/2016\/02\/background_cart.jpg\u00a0\u00bb parallax=\u00a0\u00bbon\u00a0\u00bb][et_pb_row admin_label=\u00a0\u00bbrow\u00a0\u00bb background_position=\u00a0\u00bbtop_left\u00a0\u00bb background_repeat=\u00a0\u00bbrepeat\u00a0\u00bb background_size=\u00a0\u00bbinitial\u00a0\u00bb _builder_version=\u00a0\u00bb3.0.64&Prime; background_color=\u00a0\u00bbrgba(255,255,255,0.8)\u00a0\u00bb background_position_1=\u00a0\u00bbtop_left\u00a0\u00bb background_repeat_1=\u00a0\u00bbno-repeat\u00a0\u00bb custom_padding=\u00a0\u00bb|25px|-20px|25px\u00a0\u00bb][et_pb_column type=\u00a0\u00bb4_4&Prime;][et_pb_text background_layout=\u00a0\u00bblight\u00a0\u00bb text_font_size=\u00a0\u00bb12&Prime; text_line_height=\u00a0\u00bb1.5em\u00a0\u00bb background_position=\u00a0\u00bbtop_left\u00a0\u00bb background_repeat=\u00a0\u00bbrepeat\u00a0\u00bb background_size=\u00a0\u00bbinitial\u00a0\u00bb _builder_version=\u00a0\u00bb3.0.105&Prime; header_font_size=\u00a0\u00bb60px\u00a0\u00bb header_font_size_tablet=\u00a0\u00bb45px\u00a0\u00bb header_font_size_phone=\u00a0\u00bb26px\u00a0\u00bb header_font_size_last_edited=\u00a0\u00bbon|phone\u00a0\u00bb header_text_color=\u00a0\u00bb#732c7b\u00a0\u00bb]<\/p>\n<h1>Garanties Environnementales<\/h1>\n<p>[\/et_pb_text][et_pb_text text_orientation=\u00a0\u00bbjustified\u00a0\u00bb background_position=\u00a0\u00bbtop_left\u00a0\u00bb background_repeat=\u00a0\u00bbrepeat\u00a0\u00bb background_size=\u00a0\u00bbinitial\u00a0\u00bb _builder_version=\u00a0\u00bb3.0.69&Prime; background_layout=\u00a0\u00bblight\u00a0\u00bb border_style=\u00a0\u00bbsolid\u00a0\u00bb header_font=\u00a0\u00bb|on|||\u00a0\u00bb header_font_size=\u00a0\u00bb60px\u00a0\u00bb header_font_size_tablet=\u00a0\u00bb45px\u00a0\u00bb header_font_size_phone=\u00a0\u00bb26px\u00a0\u00bb header_font_size_last_edited=\u00a0\u00bbon|phone\u00a0\u00bb header_text_color=\u00a0\u00bb#861e44&Prime;]<\/p>\n<p>POCIONS DE LLUNA NOVA travaille avec des m\u00e9thodes \u00e9cologiques dans ses cultures. Nous ne sommes pas certifi\u00e9s par un organisme priv\u00e9, mais nous pouvons vous garantir que nous n&rsquo;enployons aucun aditif (ni pesticide, ni abonnement chimique&#8230; ) dans nos cultures. Nous suivons les\u00a0Directives <a href=\"http:\/\/www.who.int\/es\/\">OMS<\/a> sur les <a href=\"http:\/\/www.pocionsdellunanova.com\/wp-content\/uploads\/2017\/06\/PAR-fr.pdf\">bonnes pratiques agricoles et les bonnes pratiques de r\u00e9colte (BPAR) relatives aux plantes m\u00e9dicinales<\/a> et nous adh\u00e9rons au <a href=\"http:\/\/www.pocionsdellunanova.com\/wp-content\/uploads\/2017\/06\/ISSC-ESP.pdf\">\u00ab\u00a0Standard international pour la collecte sauvage durable des plantes m\u00e9dicinales et aromatiques (ISSC-MAP)\u00a0\u00bb<\/a><br \/>\nLe materiel qui n&rsquo;est n&rsquo;est pas produit par POCIONS DE LLUNA NOVA est de la plus haute qualit\u00e9 et de tra\u00e7abilit\u00e9 jusqu&rsquo;\u00e0 la source.<\/p>\n<p>POCIONS DE LLUNA NOVA suit les normes de bonnes pratiques de fabrication des cosm\u00e9tiques <a href=\"https:\/\/www.iso.org\/standard\/36437.html\">ISO 22716:2017<\/a> et la norme europ\u00e9enne <a href=\"http:\/\/www.pocionsdellunanova.com\/wp-content\/uploads\/2017\/06\/reglament-1223-2009_esp.pdf\">1223\/2009<\/a><br \/>\nR\u00e9solution <a href=\"https:\/\/www.bopa.ad\/\">195308\/2016<\/a> du \u00ab\u00a0Ministeri de Salut\u00a0\u00bb.<\/p>\n<p>POCIONS DE LLUNA NOVA ne se fait pas reponsable de l&rsquo;utilisation diff\u00e9rente de celle pr\u00e9vue pour les produits. Les produits seront utilis\u00e9s comme indiqu\u00e9 sur l&rsquo;\u00e9tiquette ou sur la page web, et toute autre utilisation sera responsabilit\u00e9 de son auteur.<\/p>\n<p>Les formules de nos produits sont pr\u00e9cises et toujours les m\u00eames mais \u00e0 cause des facteurs artisanal et de variabilit\u00e9 des v\u00e9g\u00e9taux on peut observer une l\u00e9g\u00e8re dif\u00e9rence de couleur dans les produits entre dif\u00e9rents lots.<\/p>\n<p>[\/et_pb_text][\/et_pb_column][\/et_pb_row][et_pb_row _builder_version=\u00a0\u00bb3.0.64&Prime; background_color=\u00a0\u00bbrgba(255,255,255,0.8)\u00a0\u00bb background_position_1=\u00a0\u00bbtop_left\u00a0\u00bb background_repeat_1=\u00a0\u00bbno-repeat\u00a0\u00bb background_position_2=\u00a0\u00bbtop_left\u00a0\u00bb background_repeat_2=\u00a0\u00bbno-repeat\u00a0\u00bb background_position_3=\u00a0\u00bbtop_left\u00a0\u00bb background_repeat_3=\u00a0\u00bbno-repeat\u00a0\u00bb make_equal=\u00a0\u00bbon\u00a0\u00bb background_position_4=\u00a0\u00bbtop_left\u00a0\u00bb background_repeat_4=\u00a0\u00bbno-repeat\u00a0\u00bb custom_padding=\u00a0\u00bb0px|25px|25px|\u00a0\u00bb][et_pb_column type=\u00a0\u00bb1_4&Prime;][\/et_pb_column][et_pb_column type=\u00a0\u00bb1_4&Prime;][et_pb_image admin_label=\u00a0\u00bbISSC\u00a0\u00bb _builder_version=\u00a0\u00bb3.0.64&Prime; src=\u00a0\u00bbhttp:\/\/www.pocionsdellunanova.com\/wp-content\/uploads\/2017\/06\/ISSC_esp.png\u00a0\u00bb show_in_lightbox=\u00a0\u00bboff\u00a0\u00bb url=\u00a0\u00bbhttp:\/\/www.pocionsdellunanova.com\/wp-content\/uploads\/2017\/06\/ISSC-ESP.pdf\u00a0\u00bb url_new_window=\u00a0\u00bbon\u00a0\u00bb use_overlay=\u00a0\u00bboff\u00a0\u00bb sticky=\u00a0\u00bboff\u00a0\u00bb align=\u00a0\u00bbcenter\u00a0\u00bb always_center_on_mobile=\u00a0\u00bbon\u00a0\u00bb border_style=\u00a0\u00bbdouble\u00a0\u00bb force_fullwidth=\u00a0\u00bboff\u00a0\u00bb border_color=\u00a0\u00bb#fee1e1&Prime; border_width=\u00a0\u00bb3px\u00a0\u00bb animation_style=\u00a0\u00bbslide\u00a0\u00bb animation_duration=\u00a0\u00bb500ms\u00a0\u00bb animation_intensity_slide=\u00a0\u00bb10%\u00a0\u00bb animation_direction=\u00a0\u00bbleft\u00a0\u00bb show_bottom_space=\u00a0\u00bbon\u00a0\u00bb \/][\/et_pb_column][et_pb_column type=\u00a0\u00bb1_4&Prime;][et_pb_image admin_label=\u00a0\u00bbBPAR\u00a0\u00bb _builder_version=\u00a0\u00bb3.0.64&Prime; src=\u00a0\u00bbhttp:\/\/www.pocionsdellunanova.com\/wp-content\/uploads\/2017\/06\/BPAR_fr.png\u00a0\u00bb show_in_lightbox=\u00a0\u00bboff\u00a0\u00bb url=\u00a0\u00bbhttp:\/\/www.pocionsdellunanova.com\/wp-content\/uploads\/2017\/06\/PAR-fr.pdf\u00a0\u00bb url_new_window=\u00a0\u00bbon\u00a0\u00bb use_overlay=\u00a0\u00bboff\u00a0\u00bb sticky=\u00a0\u00bboff\u00a0\u00bb align=\u00a0\u00bbcenter\u00a0\u00bb always_center_on_mobile=\u00a0\u00bbon\u00a0\u00bb border_style=\u00a0\u00bbdouble\u00a0\u00bb force_fullwidth=\u00a0\u00bboff\u00a0\u00bb border_color=\u00a0\u00bb#fee1e1&Prime; border_width=\u00a0\u00bb3px\u00a0\u00bb animation_style=\u00a0\u00bbslide\u00a0\u00bb animation_duration=\u00a0\u00bb500ms\u00a0\u00bb animation_intensity_slide=\u00a0\u00bb10%\u00a0\u00bb animation_direction=\u00a0\u00bbleft\u00a0\u00bb show_bottom_space=\u00a0\u00bbon\u00a0\u00bb \/][\/et_pb_column][et_pb_column type=\u00a0\u00bb1_4&Prime;][\/et_pb_column][\/et_pb_row][\/et_pb_section]<\/p>\n","protected":false},"excerpt":{"rendered":"<p>Pocions de Lluna Nova travaille avec des m\u00e9thodes biologiques dans leurs cultures. Nous garantissons que cro\u00eetre sans aucun additif (sans pesticides ni engrais artificiels).<\/p>\n","protected":false},"author":1,"featured_media":987455874,"parent":0,"menu_order":0,"comment_status":"closed","ping_status":"closed","template":"","meta":[],"_links":{"self":[{"href":"https:\/\/www.pocionsdellunanova.com\/fr\/wp-json\/wp\/v2\/pages\/987454764"}],"collection":[{"href":"https:\/\/www.pocionsdellunanova.com\/fr\/wp-json\/wp\/v2\/pages"}],"about":[{"href":"https:\/\/www.pocionsdellunanova.com\/fr\/wp-json\/wp\/v2\/types\/page"}],"author":[{"embeddable":true,"href":"https:\/\/www.pocionsdellunanova.com\/fr\/wp-json\/wp\/v2\/users\/1"}],"replies":[{"embeddable":true,"href":"https:\/\/www.pocionsdellunanova.com\/fr\/wp-json\/wp\/v2\/comments?post=987454764"}],"version-history":[{"count":0,"href":"https:\/\/www.pocionsdellunanova.com\/fr\/wp-json\/wp\/v2\/pages\/987454764\/revisions"}],"wp:featuredmedia":[{"embeddable":true,"href":"https:\/\/www.pocionsdellunanova.com\/fr\/wp-json\/wp\/v2\/media\/987455874"}],"wp:attachment":[{"href":"https:\/\/www.pocionsdellunanova.com\/fr\/wp-json\/wp\/v2\/media?parent=987454764"}],"curies":[{"name":"wp","href":"https:\/\/api.w.org\/{rel}","templated":true}]}}