{"id":987455283,"date":"2017-05-26T14:46:37","date_gmt":"2017-05-26T13:46:37","guid":{"rendered":"http:\/\/www.pocionsdellunanova.com\/shop\/Sense%20categoria\/flor-dhivern\/"},"modified":"2025-02-07T10:18:58","modified_gmt":"2025-02-07T09:18:58","slug":"flor-dhivern","status":"publish","type":"product","link":"https:\/\/www.pocionsdellunanova.com\/es\/producte\/flor-dhivern\/","title":{"rendered":"Flor d&#8217;hivern"},"content":{"rendered":"<p>&nbsp;<\/p>\n<p>&nbsp;<\/p>\n","protected":false},"excerpt":{"rendered":"<h3 class=\"p1\"><\/h3>\n<h4 class=\"p1\">Flor de invierno:\u00a0B\u00e1lsamo labial<\/h4>\n<p>5 mL<\/p>\n<p class=\"p1\"><span class=\"s1\">B\u00e1lsamo para tratar los labios o zonas pr\u00f3ximas irritadas por el fr\u00edo, el sol el viento &#8230; o para evitar que se resssequen los labios.<\/span><\/p>\n","protected":false},"featured_media":987455757,"template":"","meta":[],"_links":{"self":[{"href":"https:\/\/www.pocionsdellunanova.com\/es\/wp-json\/wp\/v2\/product\/987455283"}],"collection":[{"href":"https:\/\/www.pocionsdellunanova.com\/es\/wp-json\/wp\/v2\/product"}],"about":[{"href":"https:\/\/www.pocionsdellunanova.com\/es\/wp-json\/wp\/v2\/types\/product"}],"wp:featuredmedia":[{"embeddable":true,"href":"https:\/\/www.pocionsdellunanova.com\/es\/wp-json\/wp\/v2\/media\/987455757"}],"wp:attachment":[{"href":"https:\/\/www.pocionsdellunanova.com\/es\/wp-json\/wp\/v2\/media?parent=987455283"}],"curies":[{"name":"wp","href":"https:\/\/api.w.org\/{rel}","templated":true}]}}