{"id":987455257,"date":"2017-05-26T14:29:35","date_gmt":"2017-05-26T13:29:35","guid":{"rendered":"http:\/\/www.pocionsdellunanova.com\/shop\/Sense%20categoria\/sabo-de-taronjina\/"},"modified":"2026-04-11T12:08:24","modified_gmt":"2026-04-11T11:08:24","slug":"jabon-de-melisa","status":"publish","type":"product","link":"https:\/\/www.pocionsdellunanova.com\/es\/producte\/jabon-de-melisa\/","title":{"rendered":"Jab\u00f3n de Melisa"},"content":{"rendered":"","protected":false},"excerpt":{"rendered":"<p>Pastilla de jab\u00f3n fabricado en fr\u00edo con aceite esencial de melisa<\/p>\n<p>45 g m\u00ednimo al envasado<\/p>\n","protected":false},"featured_media":987458561,"template":"","meta":[],"_links":{"self":[{"href":"https:\/\/www.pocionsdellunanova.com\/es\/wp-json\/wp\/v2\/product\/987455257"}],"collection":[{"href":"https:\/\/www.pocionsdellunanova.com\/es\/wp-json\/wp\/v2\/product"}],"about":[{"href":"https:\/\/www.pocionsdellunanova.com\/es\/wp-json\/wp\/v2\/types\/product"}],"wp:featuredmedia":[{"embeddable":true,"href":"https:\/\/www.pocionsdellunanova.com\/es\/wp-json\/wp\/v2\/media\/987458561"}],"wp:attachment":[{"href":"https:\/\/www.pocionsdellunanova.com\/es\/wp-json\/wp\/v2\/media?parent=987455257"}],"curies":[{"name":"wp","href":"https:\/\/api.w.org\/{rel}","templated":true}]}}