{"id":987455985,"date":"2017-06-26T10:09:06","date_gmt":"2017-06-26T10:09:06","guid":{"rendered":"http:\/\/www.pocionsdellunanova.com\/home-2\/"},"modified":"2019-10-01T10:30:33","modified_gmt":"2019-10-01T10:30:33","slug":"inicio","status":"publish","type":"page","link":"https:\/\/www.pocionsdellunanova.com\/es\/","title":{"rendered":"pocions de lluna nova"},"content":{"rendered":"<p>[et_pb_section bb_built=\u00bb1&#8243; fullwidth=\u00bbon\u00bb specialty=\u00bboff\u00bb next_background_color=\u00bb#000000&#8243; _builder_version=\u00bb3.0.105&#8243; animation_direction=\u00bbleft\u00bb][et_pb_fullwidth_slider _builder_version=\u00bb3.0.105&#8243; show_arrows=\u00bbon\u00bb show_pagination=\u00bbon\u00bb custom_button=\u00bboff\u00bb button_icon_placement=\u00bbright\u00bb show_content_on_mobile=\u00bbon\u00bb show_cta_on_mobile=\u00bbon\u00bb show_image_video_mobile=\u00bboff\u00bb auto_speed=\u00bb8000&#8243; animation_style=\u00bbfade\u00bb auto=\u00bbon\u00bb][et_pb_slide _builder_version=\u00bb3.0.105&#8243; image=\u00bbhttps:\/\/www.pocionsdellunanova.com\/wp-content\/uploads\/2019\/10\/elaboracio_artesanal3_es.jpg\u00bb use_background_color_gradient=\u00bboff\u00bb background_color_gradient_start=\u00bb#2b87da\u00bb background_color_gradient_end=\u00bb#29c4a9&#8243; background_color_gradient_type=\u00bblinear\u00bb background_color_gradient_direction=\u00bb180deg\u00bb background_color_gradient_direction_radial=\u00bbcenter\u00bb background_color_gradient_start_position=\u00bb0%\u00bb background_color_gradient_end_position=\u00bb100%\u00bb background_color_gradient_overlays_image=\u00bboff\u00bb parallax=\u00bboff\u00bb parallax_method=\u00bbon\u00bb background_size=\u00bbcover\u00bb background_position=\u00bbcenter\u00bb background_repeat=\u00bbno-repeat\u00bb background_blend=\u00bbnormal\u00bb allow_player_pause=\u00bboff\u00bb background_video_pause_outside_viewport=\u00bbon\u00bb use_bg_overlay=\u00bboff\u00bb use_text_overlay=\u00bboff\u00bb text_border_radius=\u00bb3&#8243; alignment=\u00bbcenter\u00bb child_filter_hue_rotate=\u00bb0deg\u00bb child_filter_saturate=\u00bb100%\u00bb child_filter_brightness=\u00bb100%\u00bb child_filter_contrast=\u00bb100%\u00bb child_filter_invert=\u00bb0%\u00bb child_filter_sepia=\u00bb0%\u00bb child_filter_opacity=\u00bb100%\u00bb child_filter_blur=\u00bb0px\u00bb child_mix_blend_mode=\u00bbnormal\u00bb background_layout=\u00bbdark\u00bb text_shadow_style=\u00bbnone\u00bb header_text_shadow_style=\u00bbnone\u00bb body_text_shadow_style=\u00bbnone\u00bb custom_button=\u00bbon\u00bb button_use_icon=\u00bboff\u00bb button_text_shadow_style=\u00bbnone\u00bb box_shadow_style_button=\u00bbnone\u00bb text_shadow_horizontal_length=\u00bb0em\u00bb text_shadow_vertical_length=\u00bb0em\u00bb text_shadow_blur_strength=\u00bb0em\u00bb header_text_shadow_horizontal_length=\u00bb0em\u00bb header_text_shadow_vertical_length=\u00bb0em\u00bb header_text_shadow_blur_strength=\u00bb0em\u00bb body_text_shadow_horizontal_length=\u00bb0em\u00bb body_text_shadow_vertical_length=\u00bb0em\u00bb body_text_shadow_blur_strength=\u00bb0em\u00bb button_text_shadow_horizontal_length=\u00bb0em\u00bb button_text_shadow_vertical_length=\u00bb0em\u00bb button_text_shadow_blur_strength=\u00bb0em\u00bb button_link=\u00bbhttps:\/\/www.pocionsdellunanova.com\/es\/tienda\/\u00bb button_text=\u00bbDescubre nuestros productos\u00bb button_text_color=\u00bb#ffffff\u00bb button_bg_color=\u00bb#732c7b\u00bb button_text_color_hover=\u00bb#ffffff\u00bb button_bg_color_hover=\u00bb#b384b8&#8243; button_font=\u00bbPoppins||||||||\u00bb button_alignment=\u00bbcenter\u00bb button_bg_use_color_gradient=\u00bboff\u00bb button_bg_color_gradient_overlays_image=\u00bboff\u00bb button_on_hover=\u00bbon\u00bb button_border_color_hover=\u00bb#ffffff\u00bb \/][et_pb_slide _builder_version=\u00bb3.0.105&#8243; image=\u00bbhttps:\/\/www.pocionsdellunanova.com\/wp-content\/uploads\/2019\/09\/productes_naturals_es.jpg\u00bb use_background_color_gradient=\u00bboff\u00bb background_color_gradient_start=\u00bb#2b87da\u00bb background_color_gradient_end=\u00bb#29c4a9&#8243; background_color_gradient_type=\u00bblinear\u00bb background_color_gradient_direction=\u00bb180deg\u00bb background_color_gradient_direction_radial=\u00bbcenter\u00bb background_color_gradient_start_position=\u00bb0%\u00bb background_color_gradient_end_position=\u00bb100%\u00bb background_color_gradient_overlays_image=\u00bboff\u00bb parallax=\u00bboff\u00bb parallax_method=\u00bbon\u00bb background_size=\u00bbcover\u00bb background_position=\u00bbcenter\u00bb background_repeat=\u00bbno-repeat\u00bb background_blend=\u00bbnormal\u00bb allow_player_pause=\u00bboff\u00bb background_video_pause_outside_viewport=\u00bbon\u00bb use_bg_overlay=\u00bboff\u00bb use_text_overlay=\u00bboff\u00bb text_border_radius=\u00bb3&#8243; alignment=\u00bbcenter\u00bb child_filter_hue_rotate=\u00bb0deg\u00bb child_filter_saturate=\u00bb100%\u00bb child_filter_brightness=\u00bb100%\u00bb child_filter_contrast=\u00bb100%\u00bb child_filter_invert=\u00bb0%\u00bb child_filter_sepia=\u00bb0%\u00bb child_filter_opacity=\u00bb100%\u00bb child_filter_blur=\u00bb0px\u00bb child_mix_blend_mode=\u00bbnormal\u00bb background_layout=\u00bbdark\u00bb text_shadow_style=\u00bbnone\u00bb header_text_shadow_style=\u00bbnone\u00bb body_text_shadow_style=\u00bbnone\u00bb custom_button=\u00bbon\u00bb button_bg_use_color_gradient=\u00bboff\u00bb button_bg_color_gradient_overlays_image=\u00bboff\u00bb button_use_icon=\u00bboff\u00bb button_on_hover=\u00bbon\u00bb button_text_shadow_style=\u00bbnone\u00bb box_shadow_style_button=\u00bbnone\u00bb button_link=\u00bbhttps:\/\/www.pocionsdellunanova.com\/es\/como-fabricamos-nuestras-pociones\/\u00bb text_shadow_horizontal_length=\u00bb0em\u00bb text_shadow_vertical_length=\u00bb0em\u00bb text_shadow_blur_strength=\u00bb0em\u00bb header_text_shadow_horizontal_length=\u00bb0em\u00bb header_text_shadow_vertical_length=\u00bb0em\u00bb header_text_shadow_blur_strength=\u00bb0em\u00bb body_text_shadow_horizontal_length=\u00bb0em\u00bb body_text_shadow_vertical_length=\u00bb0em\u00bb body_text_shadow_blur_strength=\u00bb0em\u00bb button_text_shadow_horizontal_length=\u00bb0em\u00bb button_text_shadow_vertical_length=\u00bb0em\u00bb button_text_shadow_blur_strength=\u00bb0em\u00bb button_text=\u00bbNuestros procesos\u00bb button_text_color=\u00bb#ffffff\u00bb button_bg_color=\u00bb#732c7b\u00bb button_text_color_hover=\u00bb#ffffff\u00bb button_bg_color_hover=\u00bb#b384b8&#8243; button_font=\u00bbPoppins||||||||\u00bb button_alignment=\u00bbcenter\u00bb button_border_color_hover=\u00bb#ffffff\u00bb \/][et_pb_slide _builder_version=\u00bb3.0.105&#8243; image=\u00bbhttps:\/\/www.pocionsdellunanova.com\/wp-content\/uploads\/2019\/09\/ingredients_naturals2_es.jpg\u00bb use_background_color_gradient=\u00bboff\u00bb background_color_gradient_start=\u00bb#2b87da\u00bb background_color_gradient_end=\u00bb#29c4a9&#8243; background_color_gradient_type=\u00bblinear\u00bb background_color_gradient_direction=\u00bb180deg\u00bb background_color_gradient_direction_radial=\u00bbcenter\u00bb background_color_gradient_start_position=\u00bb0%\u00bb background_color_gradient_end_position=\u00bb100%\u00bb background_color_gradient_overlays_image=\u00bboff\u00bb parallax=\u00bboff\u00bb parallax_method=\u00bbon\u00bb background_size=\u00bbcover\u00bb background_position=\u00bbcenter\u00bb background_repeat=\u00bbno-repeat\u00bb background_blend=\u00bbnormal\u00bb allow_player_pause=\u00bboff\u00bb background_video_pause_outside_viewport=\u00bbon\u00bb use_bg_overlay=\u00bboff\u00bb use_text_overlay=\u00bboff\u00bb text_border_radius=\u00bb3&#8243; alignment=\u00bbcenter\u00bb child_filter_hue_rotate=\u00bb0deg\u00bb child_filter_saturate=\u00bb100%\u00bb child_filter_brightness=\u00bb100%\u00bb child_filter_contrast=\u00bb100%\u00bb child_filter_invert=\u00bb0%\u00bb child_filter_sepia=\u00bb0%\u00bb child_filter_opacity=\u00bb100%\u00bb child_filter_blur=\u00bb0px\u00bb child_mix_blend_mode=\u00bbnormal\u00bb background_layout=\u00bbdark\u00bb text_shadow_style=\u00bbnone\u00bb header_text_shadow_style=\u00bbnone\u00bb body_text_shadow_style=\u00bbnone\u00bb button_text_shadow_style=\u00bbnone\u00bb box_shadow_style_button=\u00bbnone\u00bb button_link=\u00bbhttps:\/\/www.pocionsdellunanova.com\/es\/las-plantas\/\u00bb text_shadow_horizontal_length=\u00bb0em\u00bb text_shadow_vertical_length=\u00bb0em\u00bb text_shadow_blur_strength=\u00bb0em\u00bb header_text_shadow_horizontal_length=\u00bb0em\u00bb header_text_shadow_vertical_length=\u00bb0em\u00bb header_text_shadow_blur_strength=\u00bb0em\u00bb body_text_shadow_horizontal_length=\u00bb0em\u00bb body_text_shadow_vertical_length=\u00bb0em\u00bb body_text_shadow_blur_strength=\u00bb0em\u00bb button_text_shadow_horizontal_length=\u00bb0em\u00bb button_text_shadow_vertical_length=\u00bb0em\u00bb button_text_shadow_blur_strength=\u00bb0em\u00bb button_text=\u00bbLas plantas\u00bb custom_button=\u00bbon\u00bb button_bg_use_color_gradient=\u00bboff\u00bb button_bg_color_gradient_overlays_image=\u00bboff\u00bb button_use_icon=\u00bboff\u00bb button_on_hover=\u00bbon\u00bb button_text_color=\u00bb#ffffff\u00bb button_bg_color=\u00bb#732c7b\u00bb button_text_color_hover=\u00bb#ffffff\u00bb button_bg_color_hover=\u00bb#b384b8&#8243; button_alignment=\u00bbcenter\u00bb button_border_color_hover=\u00bb#ffffff\u00bb \/][\/et_pb_fullwidth_slider][\/et_pb_section][et_pb_section bb_built=\u00bb1&#8243; disabled_on=\u00bboff|off|off\u00bb module_class=\u00bbspa spa6&#8243; custom_padding_last_edited=\u00bbon|desktop\u00bb _builder_version=\u00bb3.0.105&#8243; custom_padding=\u00bb0px||5vw|\u00bb custom_padding_tablet=\u00bb50px|0|50px|0&#8243; prev_background_color=\u00bb#000000&#8243; next_background_color=\u00bb#000000&#8243;][et_pb_row padding_mobile=\u00bboff\u00bb column_padding_mobile=\u00bbon\u00bb parallax_method_1=\u00bboff\u00bb _builder_version=\u00bb3.0.47&#8243; background_size=\u00bbinitial\u00bb background_position=\u00bbtop_left\u00bb background_repeat=\u00bbrepeat\u00bb][et_pb_column type=\u00bb4_4&#8243;][et_pb_cta admin_label=\u00bb100% NATURAL PRODUCTS\u00bb title=\u00bb100% PRODUCTOS NATURALES\u00bb use_background_color=\u00bboff\u00bb _builder_version=\u00bb3.0.105&#8243; header_font=\u00bbOpen Sans||||\u00bb header_font_size=\u00bb32&#8243; header_font_size_tablet=\u00bb42&#8243; header_font_size_phone=\u00bb32&#8243; header_font_size_last_edited=\u00bbon|desktop\u00bb header_text_color=\u00bb#732c7b\u00bb body_font_size=\u00bb18&#8243; body_text_color=\u00bb#262626&#8243; background_size=\u00bbinitial\u00bb background_position=\u00bbtop_left\u00bb background_repeat=\u00bbrepeat\u00bb custom_padding=\u00bb|0px||0px\u00bb custom_padding_tablet=\u00bb|0px|0px|0px\u00bb custom_padding_last_edited=\u00bbon|tablet\u00bb url_new_window=\u00bboff\u00bb background_layout=\u00bbdark\u00bb custom_button=\u00bboff\u00bb button_icon_placement=\u00bbright\u00bb \/][et_pb_shop admin_label=\u00bbShop pc &#8211; mes venuts\u00bb type=\u00bbbest_selling\u00bb posts_number=\u00bb4&#8243; columns_number=\u00bb4&#8243; orderby=\u00bbpopularity\u00bb disabled_on=\u00bbon|on|off\u00bb _builder_version=\u00bb3.0.105&#8243; \/][et_pb_shop admin_label=\u00bbShop pc &#8211; novetats\u00bb posts_number=\u00bb4&#8243; columns_number=\u00bb4&#8243; orderby=\u00bbdate-desc\u00bb disabled_on=\u00bbon|on|on\u00bb _builder_version=\u00bb3.0.105&#8243; disabled=\u00bbon\u00bb \/][et_pb_shop admin_label=\u00bbShop mobile\u00bb type=\u00bbbest_selling\u00bb posts_number=\u00bb2&#8243; columns_number=\u00bb1&#8243; orderby=\u00bbpopularity\u00bb disabled_on=\u00bboff|on|on\u00bb _builder_version=\u00bb3.0.105&#8243; \/][et_pb_shop admin_label=\u00bbShop tablet\u00bb type=\u00bbbest_selling\u00bb posts_number=\u00bb3&#8243; columns_number=\u00bb3&#8243; orderby=\u00bbpopularity\u00bb disabled_on=\u00bbon|off|on\u00bb _builder_version=\u00bb3.0.105&#8243; \/][\/et_pb_column][\/et_pb_row][\/et_pb_section][et_pb_section bb_built=\u00bb1&#8243; disabled_on=\u00bboff|off|off\u00bb module_class=\u00bbspa spa5&#8243; _builder_version=\u00bb3.0.69&#8243; background_image=\u00bbhttp:\/\/www.pocionsdellunanova.com\/wp-content\/uploads\/2017\/06\/for-her.png\u00bb parallax=\u00bbon\u00bb custom_padding=\u00bb0px|0px|0px|0px\u00bb custom_padding_tablet=\u00bb0px|0px|0px|0px\u00bb padding_mobile=\u00bbon\u00bb prev_background_color=\u00bb#000000&#8243;][et_pb_row padding_mobile=\u00bboff\u00bb column_padding_mobile=\u00bbon\u00bb padding_top_1=\u00bb8vw\u00bb parallax_method_1=\u00bboff\u00bb _builder_version=\u00bb3.0.47&#8243; background_size=\u00bbinitial\u00bb background_position=\u00bbtop_left\u00bb background_repeat=\u00bbrepeat\u00bb][et_pb_column type=\u00bb4_4&#8243;][et_pb_image src=\u00bbhttp:\/\/www.pocionsdellunanova.com\/wp-content\/uploads\/2017\/06\/flower-shape-big.png\u00bb align=\u00bbright\u00bb force_fullwidth=\u00bbon\u00bb always_center_on_mobile=\u00bboff\u00bb _builder_version=\u00bb3.0.51&#8243; custom_margin=\u00bb-100px|-400px|-300px|-400px\u00bb animation_style=\u00bbslide\u00bb animation_direction=\u00bbtop\u00bb animation_duration=\u00bb500ms\u00bb animation_intensity_slide=\u00bb10%\u00bb custom_css_main_element=\u00bb position: absolute !important;||\u00bb border_style=\u00bbsolid\u00bb animation=\u00bbtop\u00bb sticky=\u00bboff\u00bb show_bottom_space=\u00bbon\u00bb \/][\/et_pb_column][\/et_pb_row][et_pb_row make_fullwidth=\u00bbon\u00bb custom_padding=\u00bb||8vw|\u00bb custom_padding_phone=\u00bb|8vw|8vw|8vw\u00bb column_padding_mobile=\u00bbon\u00bb parallax_method_1=\u00bboff\u00bb parallax_method_2=\u00bboff\u00bb parallax_method_3=\u00bboff\u00bb custom_padding_last_edited=\u00bbon|phone\u00bb _builder_version=\u00bb3.0.47&#8243; background_size=\u00bbinitial\u00bb background_position=\u00bbtop_left\u00bb background_repeat=\u00bbrepeat\u00bb][et_pb_column type=\u00bb1_4&#8243;][\/et_pb_column][et_pb_column type=\u00bb1_2&#8243;][et_pb_cta admin_label=\u00bbSPECIALIZATION\u00bb use_background_color=\u00bboff\u00bb _builder_version=\u00bb3.0.105&#8243; header_font=\u00bbOpen Sans|on|||\u00bb header_font_size=\u00bb60&#8243; header_font_size_tablet=\u00bb40&#8243; header_font_size_phone=\u00bb30&#8243; header_font_size_last_edited=\u00bbon|phone\u00bb header_text_color=\u00bb#ffffff\u00bb header_line_height=\u00bb1.3em\u00bb body_font=\u00bbOpen Sans Light||||\u00bb body_font_size=\u00bb18&#8243; body_text_color=\u00bb#ffffff\u00bb body_line_height=\u00bb1.5em\u00bb background_size=\u00bbinitial\u00bb background_position=\u00bbtop_left\u00bb background_repeat=\u00bbrepeat\u00bb custom_padding=\u00bb0px|0px|0px|0px\u00bb custom_padding_last_edited=\u00bbon|phone\u00bb custom_css_promo_title=\u00bbpadding-bottom: 25px;||margin-top: -20px;||line-height: 130% !important;\u00bb url_new_window=\u00bboff\u00bb background_layout=\u00bbdark\u00bb custom_button=\u00bboff\u00bb button_icon_placement=\u00bbright\u00bb]<\/p>\n<p><span style=\"font-size: 48px;\">nuestros<\/span><\/p>\n<p>&nbsp;<\/p>\n<h2>PRODUCTOS<\/h2>\n<p>[\/et_pb_cta][\/et_pb_column][et_pb_column type=\u00bb1_4&#8243;][\/et_pb_column][\/et_pb_row][et_pb_row make_fullwidth=\u00bbon\u00bb custom_padding=\u00bb||8vw|\u00bb custom_padding_phone=\u00bb|8vw|8vw|8vw\u00bb column_padding_mobile=\u00bbon\u00bb parallax_method_1=\u00bboff\u00bb parallax_method_2=\u00bboff\u00bb parallax_method_3=\u00bboff\u00bb custom_padding_last_edited=\u00bbon|phone\u00bb _builder_version=\u00bb3.0.47&#8243; background_size=\u00bbinitial\u00bb background_position=\u00bbtop_left\u00bb background_repeat=\u00bbrepeat\u00bb][et_pb_column type=\u00bb1_4&#8243;][et_pb_blurb admin_label=\u00bbcr\u00e8me hydratante\u00bb title=\u00bbCremas\u00bb url=\u00bbhttp:\/\/www.pocionsdellunanova.com\/categoria-producte\/crema\/\u00bb image=\u00bbhttp:\/\/www.pocionsdellunanova.com\/wp-content\/uploads\/2017\/06\/006-spa-cream-pot-of-natural-flowers.png\u00bb alt=\u00bbcrema\u00bb background_layout=\u00bbdark\u00bb _builder_version=\u00bb3.0.105&#8243; header_font_size=\u00bb24&#8243; header_text_color=\u00bb#ffffff\u00bb body_font=\u00bbOpen Sans||||\u00bb body_font_size=\u00bb18&#8243; body_text_color=\u00bb#ffffff\u00bb background_size=\u00bbinitial\u00bb background_position=\u00bbtop_left\u00bb background_repeat=\u00bbrepeat\u00bb text_orientation=\u00bbcenter\u00bb max_width_tablet=\u00bb50px\u00bb custom_margin=\u00bb4vw||4vw|\u00bb custom_margin_tablet=\u00bb6%||6%|\u00bb custom_margin_last_edited=\u00bbon|tablet\u00bb custom_css_blurb_title=\u00bbpadding-bottom:20px !important;\u00bb custom_css_blurb_content=\u00bbline-height: 150% !important;\u00bb url_new_window=\u00bboff\u00bb use_icon=\u00bboff\u00bb use_circle=\u00bboff\u00bb use_circle_border=\u00bboff\u00bb icon_placement=\u00bbtop\u00bb use_icon_font_size=\u00bboff\u00bb]<\/p>\n<p>Crema para el cuerpo, por las manos o los pies, hidratante y nutritiva, contra irritaciones o quemaduras<\/p>\n<p>[\/et_pb_blurb][\/et_pb_column][et_pb_column type=\u00bb1_4&#8243;][et_pb_blurb admin_label=\u00bbSABONS DE BANY\u00bb title=\u00bbJabones de ba\u00f1o\u00bb url=\u00bbhttp:\/\/www.pocionsdellunanova.com\/categoria-producte\/sabo\/\u00bb image=\u00bbhttp:\/\/www.pocionsdellunanova.com\/wp-content\/uploads\/2017\/06\/002-claw-bath-in-spa.png\u00bb alt=\u00bbjabon\u00bb background_layout=\u00bbdark\u00bb _builder_version=\u00bb3.0.105&#8243; header_font_size=\u00bb24&#8243; header_text_color=\u00bb#ffffff\u00bb body_font=\u00bbOpen Sans||||\u00bb body_font_size=\u00bb18&#8243; body_text_color=\u00bb#ffffff\u00bb background_size=\u00bbinitial\u00bb background_position=\u00bbtop_left\u00bb background_repeat=\u00bbrepeat\u00bb text_orientation=\u00bbcenter\u00bb max_width_tablet=\u00bb50px\u00bb custom_margin=\u00bb4vw||4vw|\u00bb custom_margin_tablet=\u00bb6%||6%|\u00bb custom_margin_last_edited=\u00bbon|tablet\u00bb custom_css_blurb_title=\u00bbpadding-bottom:20px !important;\u00bb custom_css_blurb_content=\u00bbline-height: 150% !important;\u00bb url_new_window=\u00bboff\u00bb use_icon=\u00bboff\u00bb use_circle=\u00bboff\u00bb use_circle_border=\u00bboff\u00bb icon_placement=\u00bbtop\u00bb use_icon_font_size=\u00bboff\u00bb]<\/p>\n<p>Envuelve tu cuerpo en el perfume del azahar, el romero o la lavanda<\/p>\n<p>[\/et_pb_blurb][\/et_pb_column][et_pb_column type=\u00bb1_4&#8243;][et_pb_blurb admin_label=\u00bbhuiles pour massages\u00bb title=\u00bbAceites para masajes\u00bb url=\u00bbhttp:\/\/www.pocionsdellunanova.com\/categoria-producte\/oli\/\u00bb image=\u00bbhttp:\/\/www.pocionsdellunanova.com\/wp-content\/uploads\/2017\/06\/004-massage-spa-body-treatment.png\u00bb alt=\u00bbaceite\u00bb background_layout=\u00bbdark\u00bb _builder_version=\u00bb3.0.105&#8243; header_font_size=\u00bb24&#8243; header_text_color=\u00bb#ffffff\u00bb body_font=\u00bbOpen Sans||||\u00bb body_font_size=\u00bb18&#8243; body_text_color=\u00bb#ffffff\u00bb background_size=\u00bbinitial\u00bb background_position=\u00bbtop_left\u00bb background_repeat=\u00bbrepeat\u00bb text_orientation=\u00bbcenter\u00bb max_width_tablet=\u00bb50px\u00bb custom_margin=\u00bb4vw||4vw|\u00bb custom_margin_tablet=\u00bb6%||6%|\u00bb custom_margin_last_edited=\u00bbon|phone\u00bb custom_css_blurb_title=\u00bbpadding-bottom:20px !important;\u00bb custom_css_blurb_content=\u00bbline-height: 150% !important;\u00bb url_new_window=\u00bboff\u00bb use_icon=\u00bboff\u00bb use_circle=\u00bboff\u00bb use_circle_border=\u00bboff\u00bb icon_placement=\u00bbtop\u00bb use_icon_font_size=\u00bboff\u00bb]<\/p>\n<p>Recupera tu cuerpo con nuestras gotas verdes<\/p>\n<p>[\/et_pb_blurb][\/et_pb_column][et_pb_column type=\u00bb1_4&#8243;][et_pb_blurb admin_label=\u00bbambientador\u00bb title=\u00bbAmbientadores\u00bb url=\u00bbhttp:\/\/www.pocionsdellunanova.com\/categoria-producte\/ambient\/\u00bb image=\u00bbhttp:\/\/www.pocionsdellunanova.com\/wp-content\/uploads\/2017\/06\/005-aromatherapy-spa-treatment.png\u00bb alt=\u00bbambientador\u00bb background_layout=\u00bbdark\u00bb _builder_version=\u00bb3.0.105&#8243; header_font_size=\u00bb24&#8243; header_text_color=\u00bb#ffffff\u00bb body_font=\u00bbOpen Sans||||\u00bb body_font_size=\u00bb18&#8243; body_text_color=\u00bb#ffffff\u00bb background_size=\u00bbinitial\u00bb background_position=\u00bbtop_left\u00bb background_repeat=\u00bbrepeat\u00bb text_orientation=\u00bbcenter\u00bb max_width_tablet=\u00bb50px\u00bb custom_margin=\u00bb4vw||4vw|\u00bb custom_margin_tablet=\u00bb6%||6%|\u00bb custom_margin_last_edited=\u00bbon|tablet\u00bb custom_css_blurb_title=\u00bbpadding-bottom:20px !important;\u00bb custom_css_blurb_content=\u00bbline-height: 150% !important;\u00bb url_new_window=\u00bboff\u00bb use_icon=\u00bboff\u00bb use_circle=\u00bboff\u00bb use_circle_border=\u00bboff\u00bb icon_placement=\u00bbtop\u00bb use_icon_font_size=\u00bboff\u00bb]<\/p>\n<p>Aceites esenciales para perfumar los espacios peque\u00f1os. Brumes relajantes para un mejor descanso<\/p>\n<p>[\/et_pb_blurb][\/et_pb_column][\/et_pb_row][\/et_pb_section]<\/p>\n","protected":false},"excerpt":{"rendered":"<p>Pocions de Lluna Nova, cosm\u00e9tica natural con plantas de Andorra. M\u00e1s de 4 a\u00f1os de experiencia ofreciendo productos artesanales de kil\u00f3metro 0.<\/p>\n","protected":false},"author":1,"featured_media":987455979,"parent":0,"menu_order":0,"comment_status":"closed","ping_status":"closed","template":"","meta":[],"_links":{"self":[{"href":"https:\/\/www.pocionsdellunanova.com\/es\/wp-json\/wp\/v2\/pages\/987455985"}],"collection":[{"href":"https:\/\/www.pocionsdellunanova.com\/es\/wp-json\/wp\/v2\/pages"}],"about":[{"href":"https:\/\/www.pocionsdellunanova.com\/es\/wp-json\/wp\/v2\/types\/page"}],"author":[{"embeddable":true,"href":"https:\/\/www.pocionsdellunanova.com\/es\/wp-json\/wp\/v2\/users\/1"}],"replies":[{"embeddable":true,"href":"https:\/\/www.pocionsdellunanova.com\/es\/wp-json\/wp\/v2\/comments?post=987455985"}],"version-history":[{"count":0,"href":"https:\/\/www.pocionsdellunanova.com\/es\/wp-json\/wp\/v2\/pages\/987455985\/revisions"}],"wp:featuredmedia":[{"embeddable":true,"href":"https:\/\/www.pocionsdellunanova.com\/es\/wp-json\/wp\/v2\/media\/987455979"}],"wp:attachment":[{"href":"https:\/\/www.pocionsdellunanova.com\/es\/wp-json\/wp\/v2\/media?parent=987455985"}],"curies":[{"name":"wp","href":"https:\/\/api.w.org\/{rel}","templated":true}]}}