{"id":987454937,"date":"2016-03-24T20:01:14","date_gmt":"2016-03-24T20:01:14","guid":{"rendered":"http:\/\/www.pocionsdellunanova.com\/order-tracking\/"},"modified":"2019-07-05T07:46:36","modified_gmt":"2019-07-05T07:46:36","slug":"order-tracking","status":"publish","type":"page","link":"https:\/\/www.pocionsdellunanova.com\/es\/order-tracking\/","title":{"rendered":"Seguimiento de pedidos"},"content":{"rendered":"<p>[et_pb_section bb_built=\u00bb1&#8243; admin_label=\u00bbsection\u00bb parallax=\u00bbon\u00bb parallax_method=\u00bboff\u00bb padding_mobile=\u00bboff\u00bb module_id=\u00bbwc-acct\u00bb _builder_version=\u00bb3.0.64&#8243; background_image=\u00bbhttp:\/\/www.pocionsdellunanova.com\/wp-content\/uploads\/2016\/02\/background_cart.jpg\u00bb][et_pb_row background_position=\u00bbtop_left\u00bb background_repeat=\u00bbrepeat\u00bb background_size=\u00bbinitial\u00bb _builder_version=\u00bb3.0.64&#8243; background_position_1=\u00bbtop_left\u00bb background_repeat_1=\u00bbno-repeat\u00bb custom_padding_phone=\u00bb|10px||10px\u00bb custom_padding_last_edited=\u00bboff|tablet\u00bb background_color=\u00bbrgba(255,255,255,0.8)\u00bb custom_padding=\u00bb|25px||25px\u00bb][et_pb_column type=\u00bb4_4&#8243;][et_pb_divider _builder_version=\u00bb3.0.51&#8243; divider_style=\u00bbsolid\u00bb divider_position=\u00bbtop\u00bb height=\u00bb150&#8243; hide_on_mobile=\u00bbon\u00bb \/][et_pb_code _builder_version=\u00bb3.0.64&#8243;]<div class=\"woocommerce\">\n<form action=\"https:\/\/www.pocionsdellunanova.com\/es\/order-tracking\/\" method=\"post\" class=\"track_order\">\n\n\t<p>Para hacer seguimiento de tu pedido, por favor introduce el ID de tu pedido en el cuadro de abajo y pulsa el bot\u00f3n &quot;Seguir&quot;. Esto se envi\u00f3 en tu recibo y en el correo electr\u00f3nico de confirmaci\u00f3n que deber\u00edas haber recibido.<\/p>\n\n\t<p class=\"form-row form-row-first\"><label for=\"orderid\">ID de pedido<\/label> <input class=\"input-text\" type=\"text\" name=\"orderid\" id=\"orderid\" value=\"\" placeholder=\"Se encuentra en tu correo electr\u00f3nico de confirmaci\u00f3n de pedido.\" \/><\/p>\t<p class=\"form-row form-row-last\"><label for=\"order_email\">Correo electr\u00f3nico de facturaci\u00f3n<\/label> <input class=\"input-text\" type=\"text\" name=\"order_email\" id=\"order_email\" value=\"\" placeholder=\"Correo electr\u00f3nico que utiliz\u00f3 durante el pago.\" \/><\/p>\t<div class=\"clear\"><\/div>\n\n\t<p class=\"form-row\"><button type=\"submit\" class=\"button\" name=\"track\" value=\"Seguir\">Seguir<\/button><\/p>\n\t<input type=\"hidden\" id=\"_wpnonce\" name=\"_wpnonce\" value=\"64436b3d3b\" \/><input type=\"hidden\" name=\"_wp_http_referer\" value=\"\/es\/wp-json\/wp\/v2\/pages\/987454937\" \/>\n<\/form>\n<\/div>[\/et_pb_code][et_pb_divider _builder_version=\u00bb3.0.51&#8243; divider_style=\u00bbsolid\u00bb divider_position=\u00bbtop\u00bb height=\u00bb50&#8243; hide_on_mobile=\u00bbon\u00bb \/][\/et_pb_column][\/et_pb_row][\/et_pb_section]<\/p>\n","protected":false},"excerpt":{"rendered":"<p>Seguimiento de pedido en la web Pocions de Lluna Nova<\/p>\n","protected":false},"author":1,"featured_media":0,"parent":0,"menu_order":0,"comment_status":"closed","ping_status":"closed","template":"","meta":[],"_links":{"self":[{"href":"https:\/\/www.pocionsdellunanova.com\/es\/wp-json\/wp\/v2\/pages\/987454937"}],"collection":[{"href":"https:\/\/www.pocionsdellunanova.com\/es\/wp-json\/wp\/v2\/pages"}],"about":[{"href":"https:\/\/www.pocionsdellunanova.com\/es\/wp-json\/wp\/v2\/types\/page"}],"author":[{"embeddable":true,"href":"https:\/\/www.pocionsdellunanova.com\/es\/wp-json\/wp\/v2\/users\/1"}],"replies":[{"embeddable":true,"href":"https:\/\/www.pocionsdellunanova.com\/es\/wp-json\/wp\/v2\/comments?post=987454937"}],"version-history":[{"count":0,"href":"https:\/\/www.pocionsdellunanova.com\/es\/wp-json\/wp\/v2\/pages\/987454937\/revisions"}],"wp:attachment":[{"href":"https:\/\/www.pocionsdellunanova.com\/es\/wp-json\/wp\/v2\/media?parent=987454937"}],"curies":[{"name":"wp","href":"https:\/\/api.w.org\/{rel}","templated":true}]}}