{"id":987454711,"date":"2016-04-28T16:14:59","date_gmt":"2016-04-28T16:14:59","guid":{"rendered":"http:\/\/www.pocionsdellunanova.com\/terms-of-services\/"},"modified":"2019-09-11T08:05:42","modified_gmt":"2019-09-11T08:05:42","slug":"aviso-legal","status":"publish","type":"page","link":"https:\/\/www.pocionsdellunanova.com\/es\/aviso-legal\/","title":{"rendered":"Aviso legal"},"content":{"rendered":"<p>[et_pb_section bb_built=\u00bb1&#8243; admin_label=\u00bbsection\u00bb _builder_version=\u00bb3.0.64&#8243; background_color=\u00bb#ffffff\u00bb background_image=\u00bbhttp:\/\/www.pocionsdellunanova.com\/wp-content\/uploads\/2016\/02\/background_cart.jpg\u00bb parallax=\u00bbon\u00bb][et_pb_row _builder_version=\u00bb3.0.64&#8243; background_color=\u00bbrgba(255,255,255,0.8)\u00bb background_position_1=\u00bbtop_left\u00bb background_repeat_1=\u00bbno-repeat\u00bb custom_padding=\u00bb|15px||15px\u00bb][et_pb_column type=\u00bb4_4&#8243;][et_pb_text _builder_version=\u00bb3.0.105&#8243; background_layout=\u00bblight\u00bb]<\/p>\n<p><span style=\"font-size: 38pt; color: #732C7B;\"> Aviso Legal<\/span><\/p>\n<p><b>INFORMACI\u00d3N GENERAL POCIONS DE LLUNA NOVA<\/b><\/p>\n<p>Pocions de lluna nova es marca de la empresa Cosm\u00e8tics naturals Bony de la coma<br \/>\ncon NRT F 021192N registrado en REGISTRE DE COMER\u00c7 I IND\u00daSTRIA con el n\u00famero 926039 R<br \/>\ny las actividades :<br \/>\n24.52.00 FABRICACION DE PERFUMES Y PRODUCTOS DE BELLEZA E HIGIENE<br \/>\n52.33.00 COMERCIO AL DETALLE DE COSMETICOS I ARTICULOS DE TOCADOR<\/p>\n<p>Domicilio comercial:<br \/>\nCtra de la Gonarda 27<br \/>\nL\u2019Aldosa<br \/>\nAD400 La Massana<br \/>\nANDORRA<\/p>\n<p>e-mail: mcb@andorra.ad<br \/>\nweb: www.pocionsdellunanova.com<\/p>\n<p><strong>PROTECCI\u00d3N DE LOS DATOS PERSONALES Y COMUNICACIONES COMERCIALES.<\/strong><\/p>\n<p>Cosm\u00e8tics naturals Bony de la Coma cumple con la normativa relativa a la protecci\u00f3n de datos personales vigente establecida en la Ley 15\/2003, del 18 de diciembre de 2003 de Protecci\u00f3n de datos de car\u00e1cter personal del Principado de Andorra.<\/p>\n<p>Los datos personales que se faciliten voluntariamente, ser\u00e1n incorporados a un fichero titulado CLIENTS, titularidad de Cosm\u00e8tics naturals Bony de la Coma y gestionado por Cosm\u00e8tics naturals Bony de la Coma cuya finalidad es responder a las preguntas planteadas y cumplir con los servicios suscritos, as\u00ed como para informar de cualquier novedad, producto o promoci\u00f3n.<\/p>\n<p>La rectificaci\u00f3n o cancelaci\u00f3n de sus datos personales en el fichero mencionado, puede hacerse enviando un email a: mcb@andorra.ad o enviando una carta a la direcci\u00f3n arriba indicada especificando nombre, apellidos, direcci\u00f3n y tel\u00e9fono. Cosm\u00e8tics naturals Bony de la Coma informa y garantiza expresamente al usuario que sus datos personales no ser\u00e1n cedidos en ning\u00fan caso a terceras compa\u00f1\u00edas sin contar con su consentimiento expreso, previo, informado, e inequ\u00edvoco.<\/p>\n<p>Los datos personales \u00fanicamente son cedidos a la empresa que efectua el transporte de la mercancia adquirida por el cliente.<\/p>\n<p>No acepte un paquete si la caja est\u00e0 visiblemente da\u00f1ada. Hagalo constar en el albar\u00e1n y devuelvalo al mensajero. Tan pronto como nos lo notifiquen le enviaremos los productos adquiridos en un nuevo paquete.<\/p>\n<p>El Usuario s\u00f3lo est\u00e1 autorizado a visualizar el material y contenido de esta p\u00e1gina tal y como se presenta y a descargar una copia del material para su uso personal y privado, nunca con prop\u00f3sitos comerciales.<\/p>\n<p>La reproducci\u00f3n total o parcial, uso, explotaci\u00f3n, distribuci\u00f3n y comercializaci\u00f3n de estos contenidos, requiere en todo caso de la autorizaci\u00f3n escrita previa por parte de Cosm\u00e8tics naturals Bony de la Coma. Cualquier uso no autorizado previamente por parte de Cosm\u00e8tics naturals Bony de la Coma ser\u00e1 considerado un incumplimiento de los derechos de propiedad intelectual o industrial del autor.<\/p>\n<p>Con los l\u00edmites establecidos en la Ley, Cosm\u00e8tics naturals Bony de la Coma. no asume ninguna responsabilidad derivada de la falta de actualizaci\u00f3n y precisi\u00f3n de los datos o informaciones que se contienen en su web.<\/p>\n<p><b>JURISDICCION COMPETENTE Y LEY DE APLICACI\u00d3N<\/b><\/p>\n<p>Los Tribunales andorranos son los \u00fanicos competentes por motivo de cualquier litigio relativo al uso y\/o contenido de la presente p\u00e1gina web, la cual est\u00e1 regida por la ley andorrana.<\/p>\n<p>[\/et_pb_text][\/et_pb_column][\/et_pb_row][\/et_pb_section]<\/p>\n","protected":false},"excerpt":{"rendered":"<p>Aviso legal e informaci\u00f3n general sobre Pociones de Luna Nueva y su web de venta Online.<\/p>\n","protected":false},"author":1,"featured_media":987455889,"parent":0,"menu_order":0,"comment_status":"closed","ping_status":"closed","template":"","meta":[],"_links":{"self":[{"href":"https:\/\/www.pocionsdellunanova.com\/es\/wp-json\/wp\/v2\/pages\/987454711"}],"collection":[{"href":"https:\/\/www.pocionsdellunanova.com\/es\/wp-json\/wp\/v2\/pages"}],"about":[{"href":"https:\/\/www.pocionsdellunanova.com\/es\/wp-json\/wp\/v2\/types\/page"}],"author":[{"embeddable":true,"href":"https:\/\/www.pocionsdellunanova.com\/es\/wp-json\/wp\/v2\/users\/1"}],"replies":[{"embeddable":true,"href":"https:\/\/www.pocionsdellunanova.com\/es\/wp-json\/wp\/v2\/comments?post=987454711"}],"version-history":[{"count":0,"href":"https:\/\/www.pocionsdellunanova.com\/es\/wp-json\/wp\/v2\/pages\/987454711\/revisions"}],"wp:featuredmedia":[{"embeddable":true,"href":"https:\/\/www.pocionsdellunanova.com\/es\/wp-json\/wp\/v2\/media\/987455889"}],"wp:attachment":[{"href":"https:\/\/www.pocionsdellunanova.com\/es\/wp-json\/wp\/v2\/media?parent=987454711"}],"curies":[{"name":"wp","href":"https:\/\/api.w.org\/{rel}","templated":true}]}}